{"id":91279,"date":"2025-10-20T10:15:54","date_gmt":"2025-10-20T14:15:54","guid":{"rendered":"https:\/\/johnnyprosciutto.com\/?post_type=product&#038;p=91279"},"modified":"2025-10-20T15:06:07","modified_gmt":"2025-10-20T19:06:07","slug":"tre-monti-pecorino-calabrese-entier-brun-clair","status":"publish","type":"product","link":"https:\/\/johnnyprosciutto.com\/fr\/shop\/fromage-de-specialite\/tre-monti-pecorino-calabrese-entier-brun-clair\/","title":{"rendered":"Tre Monti Pecorino Calabrese Entier (Brun Clair)"},"content":{"rendered":"<p>&nbsp;<\/p>\n<h1 style=\"text-align: center;\">Pecorino Calabrese entier Tre Monti (brun clair)<\/h1>\n<hr \/>\n<p>&nbsp;<\/p>\n<h5 style=\"text-align: center;\"><span style=\"letter-spacing: 0px;\">R\u00e2pez une touche de nouveaut\u00e9 sur vos p\u00e2tes ou vos salades<\/span><\/h5>\n<h5 style=\"text-align: center;\">Poids\u00a0: environ 1,50\u00a0kg par unit\u00e9<\/h5>\n<h5 style=\"text-align: center;\">Import\u00e9 d&#8217;Italie<\/h5>\n<p style=\"text-align: center;\">\n","protected":false},"excerpt":{"rendered":"<h2>Environ 1,50 kg par unit\u00e9<\/h2>\n<h2>Version plus douce du brun fonc\u00e9<\/h2>\n","protected":false},"featured_media":91277,"comment_status":"open","ping_status":"closed","template":"","meta":{"_bst_post_transparent":"","_bst_post_title":"","_bst_post_layout":"","_bst_post_sidebar_id":"","_bst_post_content_style":"","_bst_post_vertical_padding":"","_bst_post_feature":"","_bst_post_feature_position":"","_bst_post_header":false,"_bst_post_footer":false},"product_brand":[],"product_cat":[316],"product_tag":[],"giftcard-category":[],"class_list":{"0":"post-91279","1":"product","2":"type-product","3":"status-publish","4":"has-post-thumbnail","6":"product_cat-fromage-de-specialite","7":"product_shipping_class-expedition-reguliere","9":"first","10":"outofstock","11":"sale","12":"shipping-taxable","13":"purchasable","14":"product-type-simple","15":"entry","16":"content-bg","17":"loop-entry"},"group_of_quantity":0,"min_quantity":0,"max_quantity":"","exclude_order_quantity_value_rules":"no","exclude_category_quantity_rules":"no","combine_variations":"no","_links":{"self":[{"href":"https:\/\/johnnyprosciutto.com\/fr\/wp-json\/wp\/v2\/product\/91279","targetHints":{"allow":["GET"]}}],"collection":[{"href":"https:\/\/johnnyprosciutto.com\/fr\/wp-json\/wp\/v2\/product"}],"about":[{"href":"https:\/\/johnnyprosciutto.com\/fr\/wp-json\/wp\/v2\/types\/product"}],"replies":[{"embeddable":true,"href":"https:\/\/johnnyprosciutto.com\/fr\/wp-json\/wp\/v2\/comments?post=91279"}],"wp:featuredmedia":[{"embeddable":true,"href":"https:\/\/johnnyprosciutto.com\/fr\/wp-json\/wp\/v2\/media\/91277"}],"wp:attachment":[{"href":"https:\/\/johnnyprosciutto.com\/fr\/wp-json\/wp\/v2\/media?parent=91279"}],"wp:term":[{"taxonomy":"product_brand","embeddable":true,"href":"https:\/\/johnnyprosciutto.com\/fr\/wp-json\/wp\/v2\/product_brand?post=91279"},{"taxonomy":"product_cat","embeddable":true,"href":"https:\/\/johnnyprosciutto.com\/fr\/wp-json\/wp\/v2\/product_cat?post=91279"},{"taxonomy":"product_tag","embeddable":true,"href":"https:\/\/johnnyprosciutto.com\/fr\/wp-json\/wp\/v2\/product_tag?post=91279"},{"taxonomy":"giftcard-category","embeddable":true,"href":"https:\/\/johnnyprosciutto.com\/fr\/wp-json\/wp\/v2\/giftcard-category?post=91279"}],"curies":[{"name":"wp","href":"https:\/\/api.w.org\/{rel}","templated":true}]}}