{"id":9074,"date":"2018-05-29T14:06:02","date_gmt":"2018-05-29T18:06:02","guid":{"rendered":"https:\/\/johnnyprosciutto.com\/product\/lonzino\/"},"modified":"2026-03-10T15:04:33","modified_gmt":"2026-03-10T19:04:33","slug":"lonzino","status":"publish","type":"product","link":"https:\/\/johnnyprosciutto.com\/fr\/shop\/artisanaux-seche-lonzino\/lonzino\/","title":{"rendered":"Lonzino"},"content":{"rendered":"<p>&nbsp;<\/p>\n<p>&nbsp;<\/p>\n<h1 style=\"text-align: center;\"><strong>Notre Lonzino gu\u00e9ri depuis 3 mois \ud83c\uddee\ud83c\uddf9<\/strong><\/h1>\n<p>&nbsp;<\/p>\n<hr>\n<h2 style=\"text-align: center;\"><\/h2>\n<h2 style=\"text-align: center;\"><strong>\ud83d\udd14 Nos pi\u00e8ces de Lonzino mesurent environ 3-4 pouces de long et sont scell\u00e9es sous vide et vendues individuellement.  <\/strong><\/h2>\n<p>&nbsp;<\/p>\n<hr>\n<h2 style=\"text-align: center;\"><\/h2>\n<h2 style=\"text-align: center;\"><strong>\ud83d\udcaf Nous utilisons des longes de porc maigres que nous faisons mariner avec de l&#8217;ail et du<\/strong> sel <strong> \ud83e\uddc4 et<\/strong> \ud83e\uddc2.<\/h2>\n<p>&nbsp;<\/p>\n<hr>\n<h2 style=\"text-align: center;\"><\/h2>\n<h2 style=\"text-align: center;\"><strong>Nos produits sont tous fabriqu\u00e9s \u00e0 partir de viande de porc fra\u00eeche provenant du Qu\u00e9bec. \u269c\ufe0f<br \/>\n<\/strong><\/h2>\n<p>&nbsp;<\/p>\n<hr>\n<h5><\/h5>\n<h5><\/h5>\n<h5 style=\"text-align: center;\"> <strong> \ud83e\uddc2 Ingr\u00e9dients<\/strong>: Porc, sel, dextrose, \u00e9pices, \u00e9rythorbate de sodium, nitrite de sodium.<\/h5>\n<h5 style=\"text-align: center;\">\u26a0\ufe0f <strong>Date d&#8217;<\/strong><strong> expiration du<\/strong> produit <strong>:<\/strong> 3 mois<\/h5>\n<h5 style=\"text-align: center;\"><em>(Remarque: le produit doit \u00eatre stock\u00e9 dans une zone r\u00e9frig\u00e9r\u00e9e)<\/em><\/h5>\n<p>&nbsp;<\/p>\n","protected":false},"excerpt":{"rendered":"<p style=\"text-align: left\">\n<h5> 400g Par unit\u00e9<\/h5>\n","protected":false},"featured_media":9065,"comment_status":"open","ping_status":"closed","template":"","meta":{"_bst_post_transparent":"","_bst_post_title":"","_bst_post_layout":"","_bst_post_sidebar_id":"","_bst_post_content_style":"","_bst_post_vertical_padding":"","_bst_post_feature":"","_bst_post_feature_position":"","_bst_post_header":false,"_bst_post_footer":false},"product_brand":[],"product_cat":[435],"product_tag":[],"giftcard-category":[],"class_list":{"0":"post-9074","1":"product","2":"type-product","3":"status-publish","4":"has-post-thumbnail","6":"product_cat-artisanaux-seche-lonzino","7":"product_shipping_class-livraison-gratuite","9":"first","10":"outofstock","11":"shipping-taxable","12":"purchasable","13":"product-type-variable","14":"entry","15":"content-bg","16":"loop-entry"},"group_of_quantity":0,"min_quantity":0,"max_quantity":"","exclude_order_quantity_value_rules":"no","exclude_category_quantity_rules":"no","combine_variations":"no","_links":{"self":[{"href":"https:\/\/johnnyprosciutto.com\/fr\/wp-json\/wp\/v2\/product\/9074","targetHints":{"allow":["GET"]}}],"collection":[{"href":"https:\/\/johnnyprosciutto.com\/fr\/wp-json\/wp\/v2\/product"}],"about":[{"href":"https:\/\/johnnyprosciutto.com\/fr\/wp-json\/wp\/v2\/types\/product"}],"replies":[{"embeddable":true,"href":"https:\/\/johnnyprosciutto.com\/fr\/wp-json\/wp\/v2\/comments?post=9074"}],"wp:featuredmedia":[{"embeddable":true,"href":"https:\/\/johnnyprosciutto.com\/fr\/wp-json\/wp\/v2\/media\/9065"}],"wp:attachment":[{"href":"https:\/\/johnnyprosciutto.com\/fr\/wp-json\/wp\/v2\/media?parent=9074"}],"wp:term":[{"taxonomy":"product_brand","embeddable":true,"href":"https:\/\/johnnyprosciutto.com\/fr\/wp-json\/wp\/v2\/product_brand?post=9074"},{"taxonomy":"product_cat","embeddable":true,"href":"https:\/\/johnnyprosciutto.com\/fr\/wp-json\/wp\/v2\/product_cat?post=9074"},{"taxonomy":"product_tag","embeddable":true,"href":"https:\/\/johnnyprosciutto.com\/fr\/wp-json\/wp\/v2\/product_tag?post=9074"},{"taxonomy":"giftcard-category","embeddable":true,"href":"https:\/\/johnnyprosciutto.com\/fr\/wp-json\/wp\/v2\/giftcard-category?post=9074"}],"curies":[{"name":"wp","href":"https:\/\/api.w.org\/{rel}","templated":true}]}}