{"id":89989,"date":"2021-04-05T22:09:04","date_gmt":"2021-04-06T02:09:04","guid":{"rendered":"https:\/\/johnnyprosciutto.com\/?post_type=product&#038;p=89989"},"modified":"2025-12-20T09:57:12","modified_gmt":"2025-12-20T14:57:12","slug":"nos-sopressatas-prix-de-volume","status":"publish","type":"product","link":"https:\/\/johnnyprosciutto.com\/fr\/shop\/vente-en-gros\/nos-sopressatas-prix-de-volume\/","title":{"rendered":"Nos Sopressatas (Prix de volume)"},"content":{"rendered":"<p style=\"text-align: center;\"><strong>\ud83d\udd05 Bienvenue dans Nos tarifs de Volume\u00a0<\/strong><strong>\ud83d\udd05<\/strong><\/p>\n<p style=\"text-align: center;\"><strong>\ud83d\uddb1\ufe0f Veuillez s\u00e9lectionner la quantit\u00e9 pour voir notre prix de volume<\/strong><\/p>\n<hr \/>\n<p style=\"text-align: center;\"><strong>\ud83d\udd05 Nos Sopressatas Artisanales S\u00e9ch\u00e9es 2 Mois\u00a0<\/strong><strong>\ud83d\udd05<\/strong><\/p>\n<hr \/>\n<p style=\"text-align: center;\"><strong>\ud83d\udcaf 100% Naturel et 100% D\u00e9licieux<\/strong><\/p>\n<hr \/>\n<p style=\"text-align: center;\"><strong>\ud83d\udcda Nos clients commentent toujours.. C\u2019est comme celui de Nonno<\/strong><\/p>\n<hr \/>\n<p style=\"text-align: center;\"><strong>\ud83d\udc96 Tous nos produits sont faits de porc frais provenant du Qu\u00e9bec.<\/strong><\/p>\n<hr \/>\n<p style=\"text-align: center;\"><strong><em>\u26d4 Les produits \u00e0 prix de volume sont exclus de nos promotions mensuelles\u00a0<\/em><\/strong><strong><em>\u26d4<\/em><\/strong><\/p>\n<p>&nbsp;<\/p>\n<div><strong>Ingr\u00e9dients<\/strong>: Porc, sel, dextrose, \u00e9pices, \u00e9rythorbate de sodium, nitrite de sodium, culture bact\u00e9rienne<\/div>\n<div><\/div>\n<div><strong>Date d\u2019expiration du produit<\/strong>: 6 mois<\/div>\n<div><\/div>\n<div>(Veuillez noter : le produit doit \u00eatre stock\u00e9 dans une zone r\u00e9frig\u00e9r\u00e9e)<\/div>\n","protected":false},"excerpt":{"rendered":"<p><strong>240g par unit\u00e9<\/strong><\/p>\n<p>\ud83c\uddee\ud83c\uddf9 <strong>Fait maison comme Nonno et Nonnas\u00a0<\/strong><\/p>\n","protected":false},"featured_media":3034,"comment_status":"open","ping_status":"closed","template":"","meta":{"_bst_post_transparent":"default","_bst_post_title":"","_bst_post_layout":"default","_bst_post_sidebar_id":"","_bst_post_content_style":"default","_bst_post_vertical_padding":"default","_bst_post_feature":"","_bst_post_feature_position":"","_bst_post_header":false,"_bst_post_footer":false},"product_brand":[],"product_cat":[1130],"product_tag":[],"giftcard-category":[],"class_list":{"0":"post-89989","1":"product","2":"type-product","3":"status-publish","4":"has-post-thumbnail","6":"product_cat-vente-en-gros","7":"product_shipping_class-livraison-gratuite","9":"first","10":"instock","11":"sale","12":"shipping-taxable","13":"purchasable","14":"product-type-variable","15":"entry","16":"content-bg","17":"loop-entry"},"group_of_quantity":0,"min_quantity":0,"max_quantity":"","exclude_order_quantity_value_rules":"no","exclude_category_quantity_rules":"no","combine_variations":"no","_links":{"self":[{"href":"https:\/\/johnnyprosciutto.com\/fr\/wp-json\/wp\/v2\/product\/89989","targetHints":{"allow":["GET"]}}],"collection":[{"href":"https:\/\/johnnyprosciutto.com\/fr\/wp-json\/wp\/v2\/product"}],"about":[{"href":"https:\/\/johnnyprosciutto.com\/fr\/wp-json\/wp\/v2\/types\/product"}],"replies":[{"embeddable":true,"href":"https:\/\/johnnyprosciutto.com\/fr\/wp-json\/wp\/v2\/comments?post=89989"}],"wp:featuredmedia":[{"embeddable":true,"href":"https:\/\/johnnyprosciutto.com\/fr\/wp-json\/wp\/v2\/media\/3034"}],"wp:attachment":[{"href":"https:\/\/johnnyprosciutto.com\/fr\/wp-json\/wp\/v2\/media?parent=89989"}],"wp:term":[{"taxonomy":"product_brand","embeddable":true,"href":"https:\/\/johnnyprosciutto.com\/fr\/wp-json\/wp\/v2\/product_brand?post=89989"},{"taxonomy":"product_cat","embeddable":true,"href":"https:\/\/johnnyprosciutto.com\/fr\/wp-json\/wp\/v2\/product_cat?post=89989"},{"taxonomy":"product_tag","embeddable":true,"href":"https:\/\/johnnyprosciutto.com\/fr\/wp-json\/wp\/v2\/product_tag?post=89989"},{"taxonomy":"giftcard-category","embeddable":true,"href":"https:\/\/johnnyprosciutto.com\/fr\/wp-json\/wp\/v2\/giftcard-category?post=89989"}],"curies":[{"name":"wp","href":"https:\/\/api.w.org\/{rel}","templated":true}]}}