{"id":87686,"date":"2025-03-29T12:13:09","date_gmt":"2025-03-29T16:13:09","guid":{"rendered":"https:\/\/johnnyprosciutto.com\/?post_type=product&#038;p=87686"},"modified":"2025-04-18T13:50:53","modified_gmt":"2025-04-18T17:50:53","slug":"mortadella-tranche-fr","status":"publish","type":"product","link":"https:\/\/johnnyprosciutto.com\/fr\/shop\/saucisse-artisanale-sechee\/mortadella-tranche-fr\/","title":{"rendered":"Demi Mortadelle 3.2kg"},"content":{"rendered":"<h1 style=\"text-align: center;\"><\/h1>\n<h1 style=\"text-align: center;\"><strong> Notre mortadelle artisanale \ud83c\uddee\ud83c\uddf9<br \/>\n<\/strong><\/h1>\n<p>&nbsp;<\/p>\n<hr \/>\n<h3 style=\"text-align: center;\"><\/h3>\n<h5>La mortadelle (prononciation italienne\u00a0: [morta\u02c8d\u025blla]) est une grande saucisse italienne, ou salume [sa\u02c8lu\u02d0me], \u00e0 base de porc finement hach\u00e9 et s\u00e9ch\u00e9 \u00e0 chaud, contenant au moins 15\u00a0% de petits d\u00e9s de gras de porc.<\/h5>\n<ul>\n<li>Production hebdomadaire<\/li>\n<li>Produit livr\u00e9 sous vide<\/li>\n<\/ul>\n<p>&nbsp;<\/p>\n<hr \/>\n<p>&nbsp;<\/p>\n<p style=\"text-align: left;\"><strong>Ingr\u00e9dients<\/strong>\u00a0: Porc, sel, lait \u00e9cr\u00e9m\u00e9 en poudre, sucre, \u00e9pices, phosphate de sodium, poivre<\/p>\n<p style=\"text-align: left;\"><em>(Remarque\u00a0: le produit doit \u00eatre conserv\u00e9 au r\u00e9frig\u00e9rateur)<\/em><\/p>\n","protected":false},"excerpt":{"rendered":"<h5><span class=\"d2edcug0 hpfvmrgz qv66sw1b c1et5uql lr9zc1uh a8c37x1j keod5gw0 nxhoafnm aigsh9s9 d3f4x2em fe6kdd0r mau55g9w c8b282yb iv3no6db jq4qci2q a3bd9o3v knj5qynh oo9gr5id hzawbc8m\" dir=\"auto\"><span class=\"pq6dq46d tbxw36s4 knj5qynh kvgmc6g5 ditlmg2l oygrvhab nvdbi5me sf5mxxl7 gl3lb2sf hhz5lgdu\"><img decoding=\"async\" src=\"https:\/\/static.xx.fbcdn.net\/images\/emoji.php\/v9\/t49\/1\/16\/1f4da.png\" alt=\"\ud83d\udcda\" width=\"16\" height=\"16\" \/><\/span>\u00a0Fait maison comme Nonno &amp; Nonnas\u00a0\u00a0<span class=\"pq6dq46d tbxw36s4 knj5qynh kvgmc6g5 ditlmg2l oygrvhab nvdbi5me sf5mxxl7 gl3lb2sf hhz5lgdu\"><img decoding=\"async\" src=\"https:\/\/static.xx.fbcdn.net\/images\/emoji.php\/v9\/tb9\/1\/16\/1f1ee_1f1f9.png\" alt=\"\ud83c\uddee\ud83c\uddf9\" width=\"16\" height=\"16\" \/><\/span><\/span><\/h5>\n<p><strong>Environ 3,2 kg par unit\u00e9<\/strong><\/p>\n","protected":false},"featured_media":87693,"comment_status":"open","ping_status":"closed","template":"","meta":{"_bst_post_transparent":"default","_bst_post_title":"","_bst_post_layout":"default","_bst_post_sidebar_id":"","_bst_post_content_style":"default","_bst_post_vertical_padding":"default","_bst_post_feature":"","_bst_post_feature_position":"","_bst_post_header":false,"_bst_post_footer":false},"product_brand":[],"product_cat":[221],"product_tag":[],"giftcard-category":[],"class_list":{"0":"post-87686","1":"product","2":"type-product","3":"status-publish","4":"has-post-thumbnail","6":"product_cat-saucisse-artisanale-sechee","7":"product_shipping_class-livraison-gratuite","9":"first","10":"outofstock","11":"sale","12":"shipping-taxable","13":"purchasable","14":"product-type-simple","15":"entry","16":"content-bg","17":"loop-entry"},"group_of_quantity":0,"min_quantity":0,"max_quantity":"","exclude_order_quantity_value_rules":"no","exclude_category_quantity_rules":"no","combine_variations":"no","_links":{"self":[{"href":"https:\/\/johnnyprosciutto.com\/fr\/wp-json\/wp\/v2\/product\/87686","targetHints":{"allow":["GET"]}}],"collection":[{"href":"https:\/\/johnnyprosciutto.com\/fr\/wp-json\/wp\/v2\/product"}],"about":[{"href":"https:\/\/johnnyprosciutto.com\/fr\/wp-json\/wp\/v2\/types\/product"}],"replies":[{"embeddable":true,"href":"https:\/\/johnnyprosciutto.com\/fr\/wp-json\/wp\/v2\/comments?post=87686"}],"wp:featuredmedia":[{"embeddable":true,"href":"https:\/\/johnnyprosciutto.com\/fr\/wp-json\/wp\/v2\/media\/87693"}],"wp:attachment":[{"href":"https:\/\/johnnyprosciutto.com\/fr\/wp-json\/wp\/v2\/media?parent=87686"}],"wp:term":[{"taxonomy":"product_brand","embeddable":true,"href":"https:\/\/johnnyprosciutto.com\/fr\/wp-json\/wp\/v2\/product_brand?post=87686"},{"taxonomy":"product_cat","embeddable":true,"href":"https:\/\/johnnyprosciutto.com\/fr\/wp-json\/wp\/v2\/product_cat?post=87686"},{"taxonomy":"product_tag","embeddable":true,"href":"https:\/\/johnnyprosciutto.com\/fr\/wp-json\/wp\/v2\/product_tag?post=87686"},{"taxonomy":"giftcard-category","embeddable":true,"href":"https:\/\/johnnyprosciutto.com\/fr\/wp-json\/wp\/v2\/giftcard-category?post=87686"}],"curies":[{"name":"wp","href":"https:\/\/api.w.org\/{rel}","templated":true}]}}