{"id":87546,"date":"2025-03-23T21:54:00","date_gmt":"2025-03-24T01:54:00","guid":{"rendered":"https:\/\/johnnyprosciutto.com\/?post_type=product&#038;p=87546"},"modified":"2025-04-18T13:50:46","modified_gmt":"2025-04-18T17:50:46","slug":"salami-sopressata-calabrese-tranche-fr","status":"publish","type":"product","link":"https:\/\/johnnyprosciutto.com\/fr\/shop\/produits-tranches-sous-vide\/salami-sopressata-calabrese-tranche-fr\/","title":{"rendered":"Guanciale tranch\u00e9"},"content":{"rendered":"<p style=\"text-align: center;\"><strong>Notre Guanciale Artisanal Affin\u00e9 2 Mois \ud83c\uddee\ud83c\uddf9<\/strong><\/p>\n<p>&nbsp;<\/p>\n<hr \/>\n<p style=\"text-align: center;\"><strong>\ud83d\udcaf 100% naturel et 100% d\u00e9licieux<\/strong><\/p>\n<p>&nbsp;<\/p>\n<hr \/>\n<p style=\"text-align: center;\"><strong>\ud83d\udcda Nos clients commentent toujours.. C&#8217;est comme celui de Nonno<\/strong><\/p>\n<p>&nbsp;<\/p>\n<hr \/>\n<p>&nbsp;<\/p>\n<p style=\"text-align: center;\"><strong> \ud83d\udc96 Tous nos produits sont faits de porc frais provenant du Qu\u00e9bec.<\/strong><\/p>\n<hr \/>\n<h1><\/h1>\n<p><strong>Ingr\u00e9dients<\/strong>: Porc, sel, dextrose, \u00e9pices, \u00e9rythorbate de sodium, nitrite de sodium<\/p>\n<p><strong>Expiration du produit<\/strong> <strong>Date :<\/strong> 6 mois<\/p>\n<p><em>(Veuillez noter : le produit doit \u00eatre stock\u00e9 dans une zone r\u00e9frig\u00e9r\u00e9e)<\/em><\/p>\n","protected":false},"excerpt":{"rendered":"<h5><span class=\"pq6dq46d tbxw36s4 knj5qynh kvgmc6g5 ditlmg2l oygrvhab nvdbi5me sf5mxxl7 gl3lb2sf hhz5lgdu\" style=\"font-size: 16px;\"><img decoding=\"async\" src=\"https:\/\/static.xx.fbcdn.net\/images\/emoji.php\/v9\/t49\/1\/16\/1f4da.png\" alt=\"\ud83d\udcda\" width=\"16\" height=\"16 \" \/><\/span><span style=\"font-size: 16px;\"> Fait maison comme Nonno &amp; Nonnas <\/span><span class=\"d2edcug0 hpfvmrgz qv66sw1b c1et5uql lr9zc1uh a8c37x1j keod5gw0 nxhoafnm aigsh9s9 d3f4x2em fe6kdd0r mau55g9w c8b282yb iv3no6db jq4qci2q a3bd9o3v knj5qynh oo9gr5id hzawbc8m\" dir=\"auto\"><span class=\"pq6dq46d tbxw36s4 knj5qynh kvgmc6g5 ditlmg2l oygrvhab nvdbi5me sf5mxxl7 gl3lb2sf hhz5lgdu\"><img decoding=\"async\" src=\"https:\/\/static.xx.fbcdn.net\/images\/emoji.php\/v9\/tb9\/1\/16\/1f1ee_1f1f9.png\" alt=\"\ud83c\uddee\ud83c\uddf9\" width=\"16\" height=\"16\" \/><\/span><\/span><\/h5>\n","protected":false},"featured_media":66939,"comment_status":"open","ping_status":"closed","template":"","meta":{"_bst_post_transparent":"default","_bst_post_title":"","_bst_post_layout":"default","_bst_post_sidebar_id":"","_bst_post_content_style":"default","_bst_post_vertical_padding":"default","_bst_post_feature":"","_bst_post_feature_position":"","_bst_post_header":false,"_bst_post_footer":false},"product_brand":[],"product_cat":[223],"product_tag":[],"giftcard-category":[],"class_list":{"0":"post-87546","1":"product","2":"type-product","3":"status-publish","4":"has-post-thumbnail","6":"product_cat-produits-tranches-sous-vide","7":"product_shipping_class-livraison-gratuite","9":"first","10":"instock","11":"sale","12":"shipping-taxable","13":"purchasable","14":"product-type-variable","15":"entry","16":"content-bg","17":"loop-entry"},"group_of_quantity":0,"min_quantity":0,"max_quantity":"","exclude_order_quantity_value_rules":"no","exclude_category_quantity_rules":"no","combine_variations":"no","_links":{"self":[{"href":"https:\/\/johnnyprosciutto.com\/fr\/wp-json\/wp\/v2\/product\/87546","targetHints":{"allow":["GET"]}}],"collection":[{"href":"https:\/\/johnnyprosciutto.com\/fr\/wp-json\/wp\/v2\/product"}],"about":[{"href":"https:\/\/johnnyprosciutto.com\/fr\/wp-json\/wp\/v2\/types\/product"}],"replies":[{"embeddable":true,"href":"https:\/\/johnnyprosciutto.com\/fr\/wp-json\/wp\/v2\/comments?post=87546"}],"wp:featuredmedia":[{"embeddable":true,"href":"https:\/\/johnnyprosciutto.com\/fr\/wp-json\/wp\/v2\/media\/66939"}],"wp:attachment":[{"href":"https:\/\/johnnyprosciutto.com\/fr\/wp-json\/wp\/v2\/media?parent=87546"}],"wp:term":[{"taxonomy":"product_brand","embeddable":true,"href":"https:\/\/johnnyprosciutto.com\/fr\/wp-json\/wp\/v2\/product_brand?post=87546"},{"taxonomy":"product_cat","embeddable":true,"href":"https:\/\/johnnyprosciutto.com\/fr\/wp-json\/wp\/v2\/product_cat?post=87546"},{"taxonomy":"product_tag","embeddable":true,"href":"https:\/\/johnnyprosciutto.com\/fr\/wp-json\/wp\/v2\/product_tag?post=87546"},{"taxonomy":"giftcard-category","embeddable":true,"href":"https:\/\/johnnyprosciutto.com\/fr\/wp-json\/wp\/v2\/giftcard-category?post=87546"}],"curies":[{"name":"wp","href":"https:\/\/api.w.org\/{rel}","templated":true}]}}