{"id":76055,"date":"2024-03-01T09:55:42","date_gmt":"2024-03-01T14:55:42","guid":{"rendered":"https:\/\/johnnyprosciutto.com\/?post_type=product&#038;p=76055"},"modified":"2024-03-01T22:21:30","modified_gmt":"2024-03-02T03:21:30","slug":"artisanales-saucisses-seches-dans-lhuile-copy","status":"publish","type":"product","link":"https:\/\/johnnyprosciutto.com\/fr\/shop\/saucisse-artisanale-sechee\/artisanales-saucisses-seches-dans-lhuile-copy\/","title":{"rendered":"Artisanales Cacciatore En d\u00e9s dans l&#8217;Huile"},"content":{"rendered":"<h2 style=\"text-align: center;\"><strong> \ud83d\udd05 Notre Saucisson Sec Artisanal 1 Mois \u00e0 l&#8217;Huile \ud83d\udd05 <\/strong><\/h2>\n<hr \/>\n<h3 style=\"text-align: center;\"><strong> \u26a0\ufe0f Chaque pot contient Notre Cacciatore Artisanal affin\u00e9 en d\u00e9s pendant un mois rempli d&#8217;huile de canola.<br \/>\n<\/strong><\/h3>\n<hr \/>\n<h2 style=\"text-align: center;\"><\/h2>\n<p>&nbsp;<\/p>\n<p>&nbsp;<\/p>\n<h1><\/h1>\n<p>&nbsp;<\/p>\n<p style=\"text-align: left;\"><strong>Ingr\u00e9dients<\/strong> : porc, sel, dextrose, \u00e9pices, \u00e9rythorbate de sodium, nitrite de sodium, nitrate de sodium, culture bact\u00e9rienne<\/p>\n<p style=\"text-align: left;\"><strong>Expiration du produit<\/strong> <strong>Date :<\/strong> 6 mois<\/p>\n<p style=\"text-align: left;\"><em>(Remarque : le produit doit \u00eatre stock\u00e9 dans une zone r\u00e9frig\u00e9r\u00e9e)<\/em><\/p>\n","protected":false},"excerpt":{"rendered":"<h3><em> 750 ml <\/em><em>par unit\u00e9\/pot<\/em><\/h3>\n<h3><em>\u00a0<\/em><\/h3>\n<h5><span class=\"d2edcug0 hpfvmrgz qv66sw1b c1et5uql lr9zc1uh a8c37x1j keod5gw0 nxhoafnm aigsh9s9 d3f4x2em fe6kdd0r mau55g9w c8b282yb iv3no6db jq4qci2q a3bd9o3v knj5qynh oo9gr5id hzawbc8m\" dir=\"auto\"> <span class=\"pq6dq46d tbxw36s4 knj5qynh kvgmc6g5 ditlmg2l oygrvhab nvdbi5me sf5mxxl7 gl3lb2sf hhz5lgdu\"><img decoding=\"async\" src=\"https:\/\/static.xx.fbcdn.net\/images\/emoji.php\/v9\/t49\/1\/16\/1f4da.png\" alt=\"\ud83d\udcda\" width=\"16\" height=\"16 \" \/><\/span> Fait maison comme Nonno &amp; Nonnas \ud83c\uddee\ud83c\uddf9<\/span><\/h5>\n<p>&nbsp;<\/p>\n","protected":false},"featured_media":76050,"comment_status":"open","ping_status":"closed","template":"","meta":{"_bst_post_transparent":"","_bst_post_title":"","_bst_post_layout":"","_bst_post_sidebar_id":"","_bst_post_content_style":"","_bst_post_vertical_padding":"","_bst_post_feature":"","_bst_post_feature_position":"","_bst_post_header":false,"_bst_post_footer":false},"product_brand":[],"product_cat":[221],"product_tag":[],"giftcard-category":[],"class_list":{"0":"post-76055","1":"product","2":"type-product","3":"status-publish","4":"has-post-thumbnail","6":"product_cat-saucisse-artisanale-sechee","7":"product_shipping_class-livraison-gratuite","9":"first","10":"instock","11":"shipping-taxable","12":"purchasable","13":"product-type-variable","14":"entry","15":"content-bg","16":"loop-entry"},"group_of_quantity":0,"min_quantity":0,"max_quantity":"","exclude_order_quantity_value_rules":"no","exclude_category_quantity_rules":"no","combine_variations":"no","_links":{"self":[{"href":"https:\/\/johnnyprosciutto.com\/fr\/wp-json\/wp\/v2\/product\/76055","targetHints":{"allow":["GET"]}}],"collection":[{"href":"https:\/\/johnnyprosciutto.com\/fr\/wp-json\/wp\/v2\/product"}],"about":[{"href":"https:\/\/johnnyprosciutto.com\/fr\/wp-json\/wp\/v2\/types\/product"}],"replies":[{"embeddable":true,"href":"https:\/\/johnnyprosciutto.com\/fr\/wp-json\/wp\/v2\/comments?post=76055"}],"wp:featuredmedia":[{"embeddable":true,"href":"https:\/\/johnnyprosciutto.com\/fr\/wp-json\/wp\/v2\/media\/76050"}],"wp:attachment":[{"href":"https:\/\/johnnyprosciutto.com\/fr\/wp-json\/wp\/v2\/media?parent=76055"}],"wp:term":[{"taxonomy":"product_brand","embeddable":true,"href":"https:\/\/johnnyprosciutto.com\/fr\/wp-json\/wp\/v2\/product_brand?post=76055"},{"taxonomy":"product_cat","embeddable":true,"href":"https:\/\/johnnyprosciutto.com\/fr\/wp-json\/wp\/v2\/product_cat?post=76055"},{"taxonomy":"product_tag","embeddable":true,"href":"https:\/\/johnnyprosciutto.com\/fr\/wp-json\/wp\/v2\/product_tag?post=76055"},{"taxonomy":"giftcard-category","embeddable":true,"href":"https:\/\/johnnyprosciutto.com\/fr\/wp-json\/wp\/v2\/giftcard-category?post=76055"}],"curies":[{"name":"wp","href":"https:\/\/api.w.org\/{rel}","templated":true}]}}