{"id":72394,"date":"2023-11-07T17:16:05","date_gmt":"2023-11-07T22:16:05","guid":{"rendered":"https:\/\/johnnyprosciutto.com\/?post_type=product&#038;p=72394"},"modified":"2025-04-13T13:06:09","modified_gmt":"2025-04-13T17:06:09","slug":"fromage-friulano-mini-de-saputo","status":"publish","type":"product","link":"https:\/\/johnnyprosciutto.com\/fr\/shop\/fromage-de-specialite\/fromage-friulano-mini-de-saputo\/","title":{"rendered":"Mini fromage Friulano de Saputo"},"content":{"rendered":"<h5>Les fromages \u00e0 p\u00e2te ferme et \u00e0 p\u00e2te demi-ferme sont des fromages \u00e0 p\u00e2te press\u00e9e dont la teneur en eau est moyenne. Les fromages \u00e0 p\u00e2te ferme et semi-ferme ont souvent une saveur aromatique et piquante et sont id\u00e9aux pour \u00eatre fondus. <\/h5>\n<p>&nbsp;<\/p>\n<hr>\n<ul>\n<li>\n<h5>Fabriqu\u00e9 \u00e0 partir de lait de vache pasteuris\u00e9.<\/h5>\n<\/li>\n<\/ul>\n<ul>\n<li>\n<h5>La photo repr\u00e9sente un poids d&#8217;environ 0,700 g.<\/h5>\n<\/li>\n<li>\n<h5><strong>Fabriqu\u00e9 par Saputo<\/strong><\/h5>\n<\/li>\n<\/ul>\n","protected":false},"excerpt":{"rendered":"<h5>0.700g par unit\u00e9<\/h5>\n","protected":false},"featured_media":72396,"comment_status":"open","ping_status":"closed","template":"","meta":{"_bst_post_transparent":"","_bst_post_title":"","_bst_post_layout":"","_bst_post_sidebar_id":"","_bst_post_content_style":"","_bst_post_vertical_padding":"","_bst_post_feature":"","_bst_post_feature_position":"","_bst_post_header":false,"_bst_post_footer":false},"product_brand":[],"product_cat":[316],"product_tag":[],"giftcard-category":[],"class_list":{"0":"post-72394","1":"product","2":"type-product","3":"status-publish","4":"has-post-thumbnail","6":"product_cat-fromage-de-specialite","7":"product_shipping_class-expedition-reguliere","9":"first","10":"outofstock","11":"sale","12":"shipping-taxable","13":"purchasable","14":"product-type-simple","15":"entry","16":"content-bg","17":"loop-entry"},"group_of_quantity":0,"min_quantity":0,"max_quantity":"","exclude_order_quantity_value_rules":"no","exclude_category_quantity_rules":"no","combine_variations":"no","_links":{"self":[{"href":"https:\/\/johnnyprosciutto.com\/fr\/wp-json\/wp\/v2\/product\/72394","targetHints":{"allow":["GET"]}}],"collection":[{"href":"https:\/\/johnnyprosciutto.com\/fr\/wp-json\/wp\/v2\/product"}],"about":[{"href":"https:\/\/johnnyprosciutto.com\/fr\/wp-json\/wp\/v2\/types\/product"}],"replies":[{"embeddable":true,"href":"https:\/\/johnnyprosciutto.com\/fr\/wp-json\/wp\/v2\/comments?post=72394"}],"wp:featuredmedia":[{"embeddable":true,"href":"https:\/\/johnnyprosciutto.com\/fr\/wp-json\/wp\/v2\/media\/72396"}],"wp:attachment":[{"href":"https:\/\/johnnyprosciutto.com\/fr\/wp-json\/wp\/v2\/media?parent=72394"}],"wp:term":[{"taxonomy":"product_brand","embeddable":true,"href":"https:\/\/johnnyprosciutto.com\/fr\/wp-json\/wp\/v2\/product_brand?post=72394"},{"taxonomy":"product_cat","embeddable":true,"href":"https:\/\/johnnyprosciutto.com\/fr\/wp-json\/wp\/v2\/product_cat?post=72394"},{"taxonomy":"product_tag","embeddable":true,"href":"https:\/\/johnnyprosciutto.com\/fr\/wp-json\/wp\/v2\/product_tag?post=72394"},{"taxonomy":"giftcard-category","embeddable":true,"href":"https:\/\/johnnyprosciutto.com\/fr\/wp-json\/wp\/v2\/giftcard-category?post=72394"}],"curies":[{"name":"wp","href":"https:\/\/api.w.org\/{rel}","templated":true}]}}