{"id":6377,"date":"2018-02-08T15:44:55","date_gmt":"2018-02-08T20:44:55","guid":{"rendered":"https:\/\/johnnyprosciutto.com\/product\/sopressata-calabrese-tranche\/"},"modified":"2025-04-13T13:05:11","modified_gmt":"2025-04-13T17:05:11","slug":"sopressata-calabrese-tranche","status":"publish","type":"product","link":"https:\/\/johnnyprosciutto.com\/fr\/shop\/produits-tranches-sous-vide\/sopressata-calabrese-tranche\/","title":{"rendered":"Tranches de Sopressata Calabrese"},"content":{"rendered":"<h1 style=\"text-align: center;\"><strong>Notre Sopressata Calabrese artisanale en tranches, affin\u00e9e pendant 2 mois \ud83c\uddee\ud83c\uddf9<\/strong><\/h1>\n<hr>\n<h3 style=\"text-align: center;\"><\/h3>\n<h3 style=\"text-align: center;\"><strong>\ud83d\udcaf Naturel  <\/strong><\/h3>\n<p>&nbsp;<\/p>\n<h3 style=\"text-align: center;\"><strong>  \ud83d\udcaf D\u00e9licieux<\/strong><\/h3>\n<p>&nbsp;<\/p>\n<h3 style=\"text-align: center;\"><strong>\ud83d\udcac Nos clients commentent toujours&#8230; Il a le m\u00eame go\u00fbt que celui de Nonno !<\/strong><\/h3>\n<h3><\/h3>\n<hr>\n<h3><\/h3>\n<h3 style=\"text-align: center;\"><strong>  Tous nos produits sont fabriqu\u00e9s avec du porc frais provenant du Qu\u00e9bec \u269c\ufe0f  <\/strong><\/h3>\n<p>&nbsp;<\/p>\n<hr>\n<p>&nbsp;<\/p>\n<h5 style=\"text-align: center;\"> <strong> \ud83e\uddc2 Ingr\u00e9dients<\/strong>: Porc, sel, dextrose, \u00e9pices, \u00e9rythorbate de sodium, nitrite de sodium, culture bact\u00e9rienne.<\/h5>\n<h5 style=\"text-align: center;\"><strong>\u26a0\ufe0f <\/strong> <strong>Date d&#8217;<\/strong> <strong>expiration du produit<\/strong> <strong>:<\/strong> 6 mois<\/h5>\n<h5 style=\"text-align: center;\"><em>(Remarque: le produit doit \u00eatre stock\u00e9 dans une zone r\u00e9frig\u00e9r\u00e9e)<\/em><\/h5>\n","protected":false},"excerpt":{"rendered":"<p>Notre Sopressata Calabrese artisanale en tranches, affin\u00e9e pendant 2 mois \ud83c\uddee\ud83c\uddf9 \ud83d\udcaf Naturel &nbsp; \ud83d\udcaf D\u00e9licieux &nbsp; \ud83d\udcac Nos clients commentent toujours&#8230; Il a le m\u00eame go\u00fbt que celui de Nonno ! Tous nos produits sont fabriqu\u00e9s avec du porc frais provenant du Qu\u00e9bec \u269c\ufe0f &nbsp; &nbsp; \ud83e\uddc2 Ingr\u00e9dients: Porc, sel, dextrose, \u00e9pices, \u00e9rythorbate de&#8230;<\/p>\n","protected":false},"featured_media":6360,"comment_status":"open","ping_status":"closed","template":"","meta":{"_bst_post_transparent":"","_bst_post_title":"","_bst_post_layout":"","_bst_post_sidebar_id":"","_bst_post_content_style":"","_bst_post_vertical_padding":"","_bst_post_feature":"","_bst_post_feature_position":"","_bst_post_header":false,"_bst_post_footer":false},"product_brand":[],"product_cat":[223],"product_tag":[],"giftcard-category":[],"class_list":{"0":"post-6377","1":"product","2":"type-product","3":"status-publish","4":"has-post-thumbnail","6":"product_cat-produits-tranches-sous-vide","7":"product_shipping_class-livraison-gratuite","9":"first","10":"instock","11":"shipping-taxable","12":"purchasable","13":"product-type-variable","14":"entry","15":"content-bg","16":"loop-entry"},"group_of_quantity":0,"min_quantity":0,"max_quantity":"","exclude_order_quantity_value_rules":"no","exclude_category_quantity_rules":"no","combine_variations":"no","_links":{"self":[{"href":"https:\/\/johnnyprosciutto.com\/fr\/wp-json\/wp\/v2\/product\/6377","targetHints":{"allow":["GET"]}}],"collection":[{"href":"https:\/\/johnnyprosciutto.com\/fr\/wp-json\/wp\/v2\/product"}],"about":[{"href":"https:\/\/johnnyprosciutto.com\/fr\/wp-json\/wp\/v2\/types\/product"}],"replies":[{"embeddable":true,"href":"https:\/\/johnnyprosciutto.com\/fr\/wp-json\/wp\/v2\/comments?post=6377"}],"wp:featuredmedia":[{"embeddable":true,"href":"https:\/\/johnnyprosciutto.com\/fr\/wp-json\/wp\/v2\/media\/6360"}],"wp:attachment":[{"href":"https:\/\/johnnyprosciutto.com\/fr\/wp-json\/wp\/v2\/media?parent=6377"}],"wp:term":[{"taxonomy":"product_brand","embeddable":true,"href":"https:\/\/johnnyprosciutto.com\/fr\/wp-json\/wp\/v2\/product_brand?post=6377"},{"taxonomy":"product_cat","embeddable":true,"href":"https:\/\/johnnyprosciutto.com\/fr\/wp-json\/wp\/v2\/product_cat?post=6377"},{"taxonomy":"product_tag","embeddable":true,"href":"https:\/\/johnnyprosciutto.com\/fr\/wp-json\/wp\/v2\/product_tag?post=6377"},{"taxonomy":"giftcard-category","embeddable":true,"href":"https:\/\/johnnyprosciutto.com\/fr\/wp-json\/wp\/v2\/giftcard-category?post=6377"}],"curies":[{"name":"wp","href":"https:\/\/api.w.org\/{rel}","templated":true}]}}