{"id":62201,"date":"2023-03-28T12:24:13","date_gmt":"2023-03-28T16:24:13","guid":{"rendered":"https:\/\/johnnyprosciutto.com\/shop\/non%20class\u00e9\/demi-piece-caciocavallo-2\/"},"modified":"2023-03-28T12:26:26","modified_gmt":"2023-03-28T16:26:26","slug":"demi-piece-caciocavallo-2","status":"publish","type":"product","link":"https:\/\/johnnyprosciutto.com\/fr\/shop\/fromage-de-specialite\/demi-piece-caciocavallo-2\/","title":{"rendered":"Demi-Pi\u00e8ce Caciocavallo"},"content":{"rendered":"<h5>\ud83d\udd0d Le caciocavallo est un type de fromage caill\u00e9 \u00e9tir\u00e9 fabriqu\u00e9 \u00e0 partir de lait de brebis ou de vache. Il est produit dans tout le sud de l\u2019Italie, en particulier dans les Apennins et dans la p\u00e9ninsule du Gargano. En forme de larme, il a un go\u00fbt similaire au fromage Provolone vieilli du sud de l\u2019Italie, avec une cro\u00fbte dure et comestible.<\/h5>\n<h5>\ud83d\udcdc Import\u00e9 d\u2019Italie \ud83c\uddee\ud83c\uddf9<\/h5>\n<h5>\u2696\ufe0f Environ 1 kg par demi-pi\u00e8ce<\/h5>\n<p>&nbsp;<\/p>\n<h5><\/h5>\n","protected":false},"excerpt":{"rendered":"<h5>\u26d4 Inventaire \u26d4 limit\u00e9<\/h5>\n","protected":false},"featured_media":62197,"comment_status":"closed","ping_status":"closed","template":"","meta":{"_bst_post_transparent":"","_bst_post_title":"","_bst_post_layout":"","_bst_post_sidebar_id":"","_bst_post_content_style":"","_bst_post_vertical_padding":"","_bst_post_feature":"","_bst_post_feature_position":"","_bst_post_header":false,"_bst_post_footer":false},"product_brand":[],"product_cat":[316],"product_tag":[],"giftcard-category":[],"class_list":{"0":"post-62201","1":"product","2":"type-product","3":"status-publish","4":"has-post-thumbnail","6":"product_cat-fromage-de-specialite","7":"product_shipping_class-expedition-reguliere","9":"first","10":"outofstock","11":"sale","12":"shipping-taxable","13":"purchasable","14":"product-type-simple","15":"entry","16":"content-bg","17":"loop-entry"},"group_of_quantity":0,"min_quantity":0,"max_quantity":"","exclude_order_quantity_value_rules":"no","exclude_category_quantity_rules":"no","combine_variations":"no","_links":{"self":[{"href":"https:\/\/johnnyprosciutto.com\/fr\/wp-json\/wp\/v2\/product\/62201","targetHints":{"allow":["GET"]}}],"collection":[{"href":"https:\/\/johnnyprosciutto.com\/fr\/wp-json\/wp\/v2\/product"}],"about":[{"href":"https:\/\/johnnyprosciutto.com\/fr\/wp-json\/wp\/v2\/types\/product"}],"replies":[{"embeddable":true,"href":"https:\/\/johnnyprosciutto.com\/fr\/wp-json\/wp\/v2\/comments?post=62201"}],"wp:featuredmedia":[{"embeddable":true,"href":"https:\/\/johnnyprosciutto.com\/fr\/wp-json\/wp\/v2\/media\/62197"}],"wp:attachment":[{"href":"https:\/\/johnnyprosciutto.com\/fr\/wp-json\/wp\/v2\/media?parent=62201"}],"wp:term":[{"taxonomy":"product_brand","embeddable":true,"href":"https:\/\/johnnyprosciutto.com\/fr\/wp-json\/wp\/v2\/product_brand?post=62201"},{"taxonomy":"product_cat","embeddable":true,"href":"https:\/\/johnnyprosciutto.com\/fr\/wp-json\/wp\/v2\/product_cat?post=62201"},{"taxonomy":"product_tag","embeddable":true,"href":"https:\/\/johnnyprosciutto.com\/fr\/wp-json\/wp\/v2\/product_tag?post=62201"},{"taxonomy":"giftcard-category","embeddable":true,"href":"https:\/\/johnnyprosciutto.com\/fr\/wp-json\/wp\/v2\/giftcard-category?post=62201"}],"curies":[{"name":"wp","href":"https:\/\/api.w.org\/{rel}","templated":true}]}}