{"id":60558,"date":"2023-02-20T14:50:57","date_gmt":"2023-02-20T19:50:57","guid":{"rendered":"https:\/\/johnnyprosciutto.com\/shop\/non%20class\u00e9\/prosciutto-cotto-jambon-en-ttranches-emballe-par-1-kg-prix-au-volume\/"},"modified":"2024-07-01T14:55:40","modified_gmt":"2024-07-01T18:55:40","slug":"prosciutto-cotto-jambon-en-ttranches-emballe-par-1-kg-prix-au-volume","status":"publish","type":"product","link":"https:\/\/johnnyprosciutto.com\/fr\/shop\/vente-en-gros\/prosciutto-cotto-jambon-en-ttranches-emballe-par-1-kg-prix-au-volume\/","title":{"rendered":"Prosciutto Cotto (Jambon) en Ttranches Emball\u00e9 par 1 kg (Prix au Volume)"},"content":{"rendered":"<p><strong>Le Jambon Cuit \u00e0 la Vapeur<\/strong> est produit apr\u00e8s une s\u00e9lection rigoureuse des meilleures cuisses de porc.<\/p>\n<p>Notre version cuite \u00e0 la vapeur se d\u00e9marque par le moelleux de sa viande ainsi que par son ar\u00f4me d\u00e9finitivement unique.<\/p>\n<p>En effet, le jambon cuit \u00e0 la vapeur est parfum\u00e9 et agr\u00e9able \u00e0 sentir et lib\u00e8re de d\u00e9licates notes \u00e9pic\u00e9es qui rendent le parfum de ce jambon cuit \u00e0 la vapeur persistant et agr\u00e9able.<\/p>\n<p>Les m\u00eames notes d\u00e9licates et \u00e9pic\u00e9es per\u00e7ues au nez se retrouvent \u00e0 la d\u00e9gustation.<\/p>\n<p>Les tranches sont roses et d\u00e9gagent<strong> un ar\u00f4me enivrant<\/strong> qui fera que tout le monde en tombera amoureux.<\/p>\n<p>Le jambon cuit \u00e0 la vapeur est <strong>excellent \u00e0 d\u00e9guster avec un sandwich chaud tout juste sorti du four.<\/strong><\/p>\n<p>Ce jambon cuit \u00e0 la vapeur est appr\u00e9ci\u00e9 des chefs du monde entier : gr\u00e2ce \u00e0 sa saveur d\u00e9licate, il est utilis\u00e9 dans de nombreuses recettes, comme les rouleaux de viande, pour enrichir les plats et les rendre savoureux sans masquer les autres saveurs.<\/p>\n<p>Il est excellent coup\u00e9 en petits cubes pour garnir des tartes sal\u00e9es ou des salades de riz.<\/p>\n","protected":false},"excerpt":{"rendered":"<p>Le Jambon Cuit \u00e0 la Vapeur est produit apr\u00e8s une s\u00e9lection rigoureuse des meilleures cuisses de porc. Notre version cuite \u00e0 la vapeur se d\u00e9marque par le moelleux de sa viande ainsi que par son ar\u00f4me d\u00e9finitivement unique. En effet, le jambon cuit \u00e0 la vapeur est parfum\u00e9 et agr\u00e9able \u00e0 sentir et lib\u00e8re de&#8230;<\/p>\n","protected":false},"featured_media":82403,"comment_status":"closed","ping_status":"closed","template":"","meta":{"_bst_post_transparent":"","_bst_post_title":"","_bst_post_layout":"","_bst_post_sidebar_id":"","_bst_post_content_style":"","_bst_post_vertical_padding":"","_bst_post_feature":"","_bst_post_feature_position":"","_bst_post_header":false,"_bst_post_footer":false},"product_brand":[],"product_cat":[1130],"product_tag":[],"giftcard-category":[],"class_list":{"0":"post-60558","1":"product","2":"type-product","3":"status-publish","4":"has-post-thumbnail","6":"product_cat-vente-en-gros","7":"product_shipping_class-livraison-gratuite","9":"first","10":"outofstock","11":"shipping-taxable","12":"purchasable","13":"product-type-variable","14":"entry","15":"content-bg","16":"loop-entry"},"group_of_quantity":0,"min_quantity":0,"max_quantity":"","exclude_order_quantity_value_rules":"no","exclude_category_quantity_rules":"no","combine_variations":"no","_links":{"self":[{"href":"https:\/\/johnnyprosciutto.com\/fr\/wp-json\/wp\/v2\/product\/60558","targetHints":{"allow":["GET"]}}],"collection":[{"href":"https:\/\/johnnyprosciutto.com\/fr\/wp-json\/wp\/v2\/product"}],"about":[{"href":"https:\/\/johnnyprosciutto.com\/fr\/wp-json\/wp\/v2\/types\/product"}],"replies":[{"embeddable":true,"href":"https:\/\/johnnyprosciutto.com\/fr\/wp-json\/wp\/v2\/comments?post=60558"}],"wp:featuredmedia":[{"embeddable":true,"href":"https:\/\/johnnyprosciutto.com\/fr\/wp-json\/wp\/v2\/media\/82403"}],"wp:attachment":[{"href":"https:\/\/johnnyprosciutto.com\/fr\/wp-json\/wp\/v2\/media?parent=60558"}],"wp:term":[{"taxonomy":"product_brand","embeddable":true,"href":"https:\/\/johnnyprosciutto.com\/fr\/wp-json\/wp\/v2\/product_brand?post=60558"},{"taxonomy":"product_cat","embeddable":true,"href":"https:\/\/johnnyprosciutto.com\/fr\/wp-json\/wp\/v2\/product_cat?post=60558"},{"taxonomy":"product_tag","embeddable":true,"href":"https:\/\/johnnyprosciutto.com\/fr\/wp-json\/wp\/v2\/product_tag?post=60558"},{"taxonomy":"giftcard-category","embeddable":true,"href":"https:\/\/johnnyprosciutto.com\/fr\/wp-json\/wp\/v2\/giftcard-category?post=60558"}],"curies":[{"name":"wp","href":"https:\/\/api.w.org\/{rel}","templated":true}]}}