{"id":5784,"date":"2018-01-16T15:00:58","date_gmt":"2018-01-16T20:00:58","guid":{"rendered":"https:\/\/johnnyprosciutto.com\/product\/porchetta-2\/"},"modified":"2026-04-29T08:32:27","modified_gmt":"2026-04-29T12:32:27","slug":"porchetta-2","status":"publish","type":"product","link":"https:\/\/johnnyprosciutto.com\/fr\/shop\/produits-tranches-sous-vide\/porchetta-2\/","title":{"rendered":"Tranches de porchetta"},"content":{"rendered":"<h1 style=\"text-align: center;\"><strong>  Notre Porchetta artisanale \ud83c\uddee\ud83c\uddf9<\/strong><\/h1>\n<h1 style=\"text-align: center;\"><strong> <\/strong><\/h1>\n<hr>\n<h2><\/h2>\n<h2 style=\"text-align: center;\"><em><strong>\ud83d\uddb1\ufe0f Veuillez s\u00e9lectionner la quantit\u00e9 que vous souhaitez sceller sous vide et cliquez sur Ajouter au panier.<\/strong><\/em><\/h2>\n<p>&nbsp;<\/p>\n<hr>\n<h3 style=\"text-align: center;\"><\/h3>\n<h3 style=\"text-align: center;\">\ud83d\udcac Notre personnel tranchera et scellera sous vide votre commande <em><strong>uniquement lorsqu&#8217;elle est pass\u00e9e <\/strong><\/em>afin de pr\u00e9server la fra\u00eecheur et la saveur de vos produits.<\/h3>\n<p>&nbsp;<\/p>\n<hr>\n<p>&nbsp;<\/p>\n<p style=\"text-align: center;\"><strong>\ud83e\uddc2 Ingr\u00e9dients<\/strong>: Porc, eau, sel, sucre, phosphate de sodium, \u00e9rythorbate de sodium, nitrite de sodium.<\/p>\n<p style=\"text-align: center;\"><strong>\u26a0\ufe0f <\/strong> <strong>Date d&#8217;<\/strong> <strong>expiration du produit :<\/strong> Veuillez vous r\u00e9f\u00e9rer \u00e0 la date figurant sur le produit lors de sa r\u00e9ception.<\/p>\n<p style=\"text-align: center;\"><em>(Remarque: le produit doit \u00eatre stock\u00e9 dans une zone r\u00e9frig\u00e9r\u00e9e)<\/em><\/p>\n<p>&nbsp;<\/p>\n<p>&nbsp;<\/p>\n","protected":false},"excerpt":{"rendered":"<p>Notre Porchetta artisanale \ud83c\uddee\ud83c\uddf9 \ud83d\uddb1\ufe0f Veuillez s\u00e9lectionner la quantit\u00e9 que vous souhaitez sceller sous vide et cliquez sur Ajouter au panier. &nbsp; \ud83d\udcac Notre personnel tranchera et scellera sous vide votre commande uniquement lorsqu&#8217;elle est pass\u00e9e afin de pr\u00e9server la fra\u00eecheur et la saveur de vos produits. &nbsp; &nbsp; \ud83e\uddc2 Ingr\u00e9dients: Porc, eau, sel, sucre,&#8230;<\/p>\n","protected":false},"featured_media":5718,"comment_status":"open","ping_status":"closed","template":"","meta":{"_bst_post_transparent":"","_bst_post_title":"","_bst_post_layout":"","_bst_post_sidebar_id":"","_bst_post_content_style":"","_bst_post_vertical_padding":"","_bst_post_feature":"","_bst_post_feature_position":"","_bst_post_header":false,"_bst_post_footer":false},"product_brand":[],"product_cat":[223],"product_tag":[],"giftcard-category":[],"class_list":{"0":"post-5784","1":"product","2":"type-product","3":"status-publish","4":"has-post-thumbnail","6":"product_cat-produits-tranches-sous-vide","7":"product_shipping_class-livraison-gratuite","9":"first","10":"outofstock","11":"shipping-taxable","12":"purchasable","13":"product-type-variable","14":"entry","15":"content-bg","16":"loop-entry"},"group_of_quantity":0,"min_quantity":0,"max_quantity":"","exclude_order_quantity_value_rules":"no","exclude_category_quantity_rules":"no","combine_variations":"no","_links":{"self":[{"href":"https:\/\/johnnyprosciutto.com\/fr\/wp-json\/wp\/v2\/product\/5784","targetHints":{"allow":["GET"]}}],"collection":[{"href":"https:\/\/johnnyprosciutto.com\/fr\/wp-json\/wp\/v2\/product"}],"about":[{"href":"https:\/\/johnnyprosciutto.com\/fr\/wp-json\/wp\/v2\/types\/product"}],"replies":[{"embeddable":true,"href":"https:\/\/johnnyprosciutto.com\/fr\/wp-json\/wp\/v2\/comments?post=5784"}],"wp:featuredmedia":[{"embeddable":true,"href":"https:\/\/johnnyprosciutto.com\/fr\/wp-json\/wp\/v2\/media\/5718"}],"wp:attachment":[{"href":"https:\/\/johnnyprosciutto.com\/fr\/wp-json\/wp\/v2\/media?parent=5784"}],"wp:term":[{"taxonomy":"product_brand","embeddable":true,"href":"https:\/\/johnnyprosciutto.com\/fr\/wp-json\/wp\/v2\/product_brand?post=5784"},{"taxonomy":"product_cat","embeddable":true,"href":"https:\/\/johnnyprosciutto.com\/fr\/wp-json\/wp\/v2\/product_cat?post=5784"},{"taxonomy":"product_tag","embeddable":true,"href":"https:\/\/johnnyprosciutto.com\/fr\/wp-json\/wp\/v2\/product_tag?post=5784"},{"taxonomy":"giftcard-category","embeddable":true,"href":"https:\/\/johnnyprosciutto.com\/fr\/wp-json\/wp\/v2\/giftcard-category?post=5784"}],"curies":[{"name":"wp","href":"https:\/\/api.w.org\/{rel}","templated":true}]}}