{"id":5733,"date":"2018-01-16T14:24:21","date_gmt":"2018-01-16T19:24:21","guid":{"rendered":"https:\/\/johnnyprosciutto.com\/product\/mortadella-tranche\/"},"modified":"2026-04-29T08:33:50","modified_gmt":"2026-04-29T12:33:50","slug":"mortadella-tranche","status":"publish","type":"product","link":"https:\/\/johnnyprosciutto.com\/fr\/shop\/produits-tranches-sous-vide\/mortadella-tranche\/","title":{"rendered":"Mortadella tranch\u00e9"},"content":{"rendered":"<h1 style=\"text-align: center;\"><\/h1>\n<h1 style=\"text-align: center;\"><strong> Notre Mortadelle Artisanale Faite \u00e0 la Main \ud83c\uddee\ud83c\uddf9<br \/>\n<\/strong><\/h1>\n<p>&nbsp;<\/p>\n<hr \/>\n<h3 style=\"text-align: center;\"><\/h3>\n<h3 style=\"text-align: center;\"><strong>\ud83d\uddb1\ufe0f Veuillez s\u00e9lectionner la quantit\u00e9 que vous souhaitez sous vide et amp; Cliquez sur Ajouter au panier.<\/strong><\/h3>\n<p>&nbsp;<\/p>\n<hr \/>\n<h3><\/h3>\n<h3 style=\"text-align: center;\"><strong>\ud83d\udcac\u00a0 <\/strong>Notre personnel tranchera et scellera sous vide votre commande <em><strong>Uniquement lorsqu&#8217;elle est pass\u00e9e<\/strong><\/em> afin de maintenir la saveur fra\u00eeche et d\u00e9licieuse<\/h3>\n<p>&nbsp;<\/p>\n<hr \/>\n<p>&nbsp;<\/p>\n<p style=\"text-align: center;\"><strong>\ud83e\uddc2 Ingr\u00e9dients<\/strong> : Porc, sel, poudre de lait \u00e9cr\u00e9m\u00e9, sucre, \u00e9pices, phosphate de sodium, poivre<\/p>\n<p style=\"text-align: center;\"><em>(Remarque : le produit doit \u00eatre stock\u00e9 dans une zone r\u00e9frig\u00e9r\u00e9e)<\/em><\/p>\n","protected":false},"excerpt":{"rendered":"<p>Notre Mortadelle Artisanale Faite \u00e0 la Main \ud83c\uddee\ud83c\uddf9 &nbsp; \ud83d\uddb1\ufe0f Veuillez s\u00e9lectionner la quantit\u00e9 que vous souhaitez sous vide et amp; Cliquez sur Ajouter au panier. &nbsp; \ud83d\udcac\u00a0 Notre personnel tranchera et scellera sous vide votre commande Uniquement lorsqu&#8217;elle est pass\u00e9e afin de maintenir la saveur fra\u00eeche et d\u00e9licieuse &nbsp; &nbsp; \ud83e\uddc2 Ingr\u00e9dients : Porc,&#8230;<\/p>\n","protected":false},"featured_media":5740,"comment_status":"open","ping_status":"closed","template":"","meta":{"_bst_post_transparent":"","_bst_post_title":"","_bst_post_layout":"","_bst_post_sidebar_id":"","_bst_post_content_style":"","_bst_post_vertical_padding":"","_bst_post_feature":"","_bst_post_feature_position":"","_bst_post_header":false,"_bst_post_footer":false},"product_brand":[],"product_cat":[223],"product_tag":[],"giftcard-category":[],"class_list":{"0":"post-5733","1":"product","2":"type-product","3":"status-publish","4":"has-post-thumbnail","6":"product_cat-produits-tranches-sous-vide","7":"product_shipping_class-livraison-gratuite","9":"first","10":"outofstock","11":"shipping-taxable","12":"purchasable","13":"product-type-variable","14":"entry","15":"content-bg","16":"loop-entry"},"group_of_quantity":0,"min_quantity":0,"max_quantity":"","exclude_order_quantity_value_rules":"no","exclude_category_quantity_rules":"no","combine_variations":"no","_links":{"self":[{"href":"https:\/\/johnnyprosciutto.com\/fr\/wp-json\/wp\/v2\/product\/5733","targetHints":{"allow":["GET"]}}],"collection":[{"href":"https:\/\/johnnyprosciutto.com\/fr\/wp-json\/wp\/v2\/product"}],"about":[{"href":"https:\/\/johnnyprosciutto.com\/fr\/wp-json\/wp\/v2\/types\/product"}],"replies":[{"embeddable":true,"href":"https:\/\/johnnyprosciutto.com\/fr\/wp-json\/wp\/v2\/comments?post=5733"}],"wp:featuredmedia":[{"embeddable":true,"href":"https:\/\/johnnyprosciutto.com\/fr\/wp-json\/wp\/v2\/media\/5740"}],"wp:attachment":[{"href":"https:\/\/johnnyprosciutto.com\/fr\/wp-json\/wp\/v2\/media?parent=5733"}],"wp:term":[{"taxonomy":"product_brand","embeddable":true,"href":"https:\/\/johnnyprosciutto.com\/fr\/wp-json\/wp\/v2\/product_brand?post=5733"},{"taxonomy":"product_cat","embeddable":true,"href":"https:\/\/johnnyprosciutto.com\/fr\/wp-json\/wp\/v2\/product_cat?post=5733"},{"taxonomy":"product_tag","embeddable":true,"href":"https:\/\/johnnyprosciutto.com\/fr\/wp-json\/wp\/v2\/product_tag?post=5733"},{"taxonomy":"giftcard-category","embeddable":true,"href":"https:\/\/johnnyprosciutto.com\/fr\/wp-json\/wp\/v2\/giftcard-category?post=5733"}],"curies":[{"name":"wp","href":"https:\/\/api.w.org\/{rel}","templated":true}]}}