{"id":5692,"date":"2018-01-15T14:13:39","date_gmt":"2018-01-15T19:13:39","guid":{"rendered":"https:\/\/johnnyprosciutto.com\/product\/boite-denfant\/"},"modified":"2026-04-01T09:08:45","modified_gmt":"2026-04-01T13:08:45","slug":"boite-denfant","status":"publish","type":"product","link":"https:\/\/johnnyprosciutto.com\/fr\/shop\/offres-speciales-2\/boite-denfant\/","title":{"rendered":"Bo\u00eete Bambino"},"content":{"rendered":"<h2 style=\"text-align: center;\"><strong>  \ud83d\udc68\u200d\ud83d\udc69\u200d\ud83d\udc67\u200d\ud83d\udc66 Notre promotion BAMBINO \ud83d\udc68\u200d\ud83d\udc69\u200d\ud83d\udc67\u200d\ud83d\udc66<\/strong><\/h2>\n<hr>\n<h5 style=\"text-align: center;\"><strong>\ud83d\udc97 L&#8217;entr\u00e9e parfaite  <\/strong><\/h5>\n<hr>\n<h5 style=\"text-align: center;\"><strong>\u2049\ufe0f Que contient cette bo\u00eete ?  <\/strong><\/h5>\n<hr>\n<h5 style=\"text-align: center;\"><\/h5>\n<h5 style=\"text-align: center;\"><strong>  \ud83c\udd97 Vous recevrez les \u00e9l\u00e9ments suivants :<\/strong><\/h5>\n<p>&nbsp;<\/p>\n<hr>\n<h5 style=\"text-align: center;\"><\/h5>\n<h5 style=\"text-align: center;\"><strong> <a href=\"https:\/\/johnnyprosciutto.com\/product\/mild-sopressata\/\">\u2705 1 x Sopressata Dolce<\/a> <\/strong><\/h5>\n<h5 style=\"text-align: center;\"><\/h5>\n<h5 style=\"text-align: center;\"><strong> <a href=\"https:\/\/johnnyprosciutto.com\/product\/sopressata-al-pepe-rosso\/\">\u2705 1 x Sopressata al Pepe Rosso<\/a> <\/strong><\/h5>\n<h5 style=\"text-align: center;\"><\/h5>\n<h5 style=\"text-align: center;\"><strong> <a href=\"https:\/\/johnnyprosciutto.com\/product\/cacciatore-sausages\/\">\u2705 Un paquet de Cacciatore Dolce<\/a> <\/strong><\/h5>\n<h5 style=\"text-align: center;\"><\/h5>\n<h5 style=\"text-align: center;\"><strong> <a href=\"https:\/\/johnnyprosciutto.com\/product\/hot-cacciatore-sausages\/\">\u2705 Un paquet de Cacciatore Forte<\/a> <\/strong><\/h5>\n<h5 style=\"text-align: center;\"><\/h5>\n<h5 style=\"text-align: center;\"><strong> <a href=\"https:\/\/johnnyprosciutto.com\/product\/sliced-prosciutto\/\">\u2705 1 x 1\/4 lb ( 125g ) de Prosciutto tranch\u00e9 scell\u00e9 sous vide<\/a> <\/strong><\/h5>\n<h5 style=\"text-align: center;\"><\/h5>\n<h5 style=\"text-align: center;\"><\/h5>\n<hr>\n<h5 style=\"text-align: center;\"><\/h5>\n<h5 style=\"text-align: center;\"><strong>  \ud83d\udcaf Nos produits sont fabriqu\u00e9s \u00e0 partir de viande de porc fra\u00eeche provenant du Qu\u00e9bec.\u269c\ufe0f<\/strong><\/h5>\n<hr>\n<h5 style=\"text-align: center;\"><\/h5>\n<h5 style=\"text-align: center;\"><em>\u26a0\ufe0f Le produit doit \u00eatre stock\u00e9 dans une zone r\u00e9frig\u00e9r\u00e9e.\u26a0\ufe0f<\/em><\/h5>\n","protected":false},"excerpt":{"rendered":"<p>\ud83d\udc68\u200d\ud83d\udc69\u200d\ud83d\udc67\u200d\ud83d\udc66 Notre promotion BAMBINO \ud83d\udc68\u200d\ud83d\udc69\u200d\ud83d\udc67\u200d\ud83d\udc66 \ud83d\udc97 L&#8217;entr\u00e9e parfaite \u2049\ufe0f Que contient cette bo\u00eete ? \ud83c\udd97 Vous recevrez les \u00e9l\u00e9ments suivants : &nbsp; \u2705 1 x Sopressata Dolce \u2705 1 x Sopressata al Pepe Rosso \u2705 Un paquet de Cacciatore Dolce \u2705 Un paquet de Cacciatore Forte \u2705 1 x 1\/4 lb ( 125g ) de&#8230;<\/p>\n","protected":false},"featured_media":6186,"comment_status":"open","ping_status":"closed","template":"","meta":{"_bst_post_transparent":"","_bst_post_title":"","_bst_post_layout":"","_bst_post_sidebar_id":"","_bst_post_content_style":"","_bst_post_vertical_padding":"","_bst_post_feature":"","_bst_post_feature_position":"","_bst_post_header":false,"_bst_post_footer":false},"product_brand":[],"product_cat":[313],"product_tag":[],"giftcard-category":[],"class_list":{"0":"post-5692","1":"product","2":"type-product","3":"status-publish","4":"has-post-thumbnail","6":"product_cat-offres-speciales-2","7":"product_shipping_class-livraison-gratuite","9":"first","10":"instock","11":"sale","12":"shipping-taxable","13":"purchasable","14":"product-type-simple","15":"entry","16":"content-bg","17":"loop-entry"},"group_of_quantity":0,"min_quantity":0,"max_quantity":"","exclude_order_quantity_value_rules":"no","exclude_category_quantity_rules":"no","combine_variations":"no","_links":{"self":[{"href":"https:\/\/johnnyprosciutto.com\/fr\/wp-json\/wp\/v2\/product\/5692","targetHints":{"allow":["GET"]}}],"collection":[{"href":"https:\/\/johnnyprosciutto.com\/fr\/wp-json\/wp\/v2\/product"}],"about":[{"href":"https:\/\/johnnyprosciutto.com\/fr\/wp-json\/wp\/v2\/types\/product"}],"replies":[{"embeddable":true,"href":"https:\/\/johnnyprosciutto.com\/fr\/wp-json\/wp\/v2\/comments?post=5692"}],"wp:featuredmedia":[{"embeddable":true,"href":"https:\/\/johnnyprosciutto.com\/fr\/wp-json\/wp\/v2\/media\/6186"}],"wp:attachment":[{"href":"https:\/\/johnnyprosciutto.com\/fr\/wp-json\/wp\/v2\/media?parent=5692"}],"wp:term":[{"taxonomy":"product_brand","embeddable":true,"href":"https:\/\/johnnyprosciutto.com\/fr\/wp-json\/wp\/v2\/product_brand?post=5692"},{"taxonomy":"product_cat","embeddable":true,"href":"https:\/\/johnnyprosciutto.com\/fr\/wp-json\/wp\/v2\/product_cat?post=5692"},{"taxonomy":"product_tag","embeddable":true,"href":"https:\/\/johnnyprosciutto.com\/fr\/wp-json\/wp\/v2\/product_tag?post=5692"},{"taxonomy":"giftcard-category","embeddable":true,"href":"https:\/\/johnnyprosciutto.com\/fr\/wp-json\/wp\/v2\/giftcard-category?post=5692"}],"curies":[{"name":"wp","href":"https:\/\/api.w.org\/{rel}","templated":true}]}}