{"id":51719,"date":"2022-07-04T11:39:39","date_gmt":"2022-07-04T15:39:39","guid":{"rendered":"https:\/\/johnnyprosciutto.com\/shop\/non%20class\u00e9\/forfait-fete-saucisse-fraiche\/"},"modified":"2025-04-13T13:06:18","modified_gmt":"2025-04-13T17:06:18","slug":"forfait-fete-saucisse-fraiche","status":"publish","type":"product","link":"https:\/\/johnnyprosciutto.com\/fr\/shop\/saucisse-fraiche-a-vide\/forfait-fete-saucisse-fraiche\/","title":{"rendered":"Pacchetto Festa Salsiccia Fresca"},"content":{"rendered":"<h1 style=\"text-align: center;\"><strong>\ud83c\udf2d Pacchetto Festa Salsiccia Fresca \ud83c\udf2d<br \/>\n&nbsp;<br \/>\n<\/strong><\/h1>\n<p>&nbsp;<\/p>\n<hr>\n<p style=\"text-align: center;\">\n<p style=\"text-align: center;\"><strong>\ud83c\udf80 Notre derni\u00e8re promotion pour les amateurs de saucisses<br \/>\n<\/strong><\/p>\n<p>&nbsp;<\/p>\n<hr>\n<h3><\/h3>\n<h3 style=\"text-align: center;\">\ud83d\uded2 Vous recevrez UN paquet de 6 pi\u00e8ces scell\u00e9es sous vide comme indiqu\u00e9 ci-dessous :<\/h3>\n<p>&nbsp;<br \/>\n&nbsp;<\/p>\n<p style=\"text-align: center;\">\ud83d\udd38 2 saucisses italiennes fra\u00eeches de Rapini<\/p>\n<p style=\"text-align: center;\">\ud83d\udd38 2 Saucisse fra\u00eeche au vin blanc et au basilic<\/p>\n<p style=\"text-align: center;\">\ud83d\udd38 2 saucisses fra\u00eeches au poivre rouge r\u00f4ti au vin rouge<\/p>\n<p>&nbsp;<br \/>\n&nbsp;<\/p>\n<hr>\n<h3><\/h3>\n<h3 style=\"text-align: center;\">\ud83d\uded2 Vous recevrez UN paquet de 6 pi\u00e8ces scell\u00e9es sous vide comme indiqu\u00e9 ci-dessous :<\/h3>\n<p>&nbsp;<br \/>\n&nbsp;<\/p>\n<p style=\"text-align: center;\">\ud83d\udd38 2 saucisses italiennes fra\u00eeches maigres au fenouil doux<\/p>\n<p style=\"text-align: center;\">\ud83d\udd38 2 saucisses italiennes fra\u00eeches maigres et chaudes au fenouil<\/p>\n<p style=\"text-align: center;\">\ud83d\udd38 2 saucisses italiennes douces fra\u00eeches et maigres<\/p>\n<p>&nbsp;<br \/>\n&nbsp;<\/p>\n<hr>\n<h3 style=\"text-align: center;\"><\/h3>\n<h3 style=\"text-align: center;\">\ud83d\udd0d Veuillez lire \u2b07\ufe0f<\/h3>\n<p>&nbsp;<br \/>\n&nbsp;<\/p>\n<p style=\"text-align: center;\">\ud83d\udce6 Vous recevrez UN paquet scell\u00e9 sous vide contenant : 2 morceaux de saucisse de rapini italien frais, 2 morceaux de saucisse au vin blanc et au basilic et 2 morceaux de saucisse au poivron rouge r\u00f4ti au vin rouge.<\/p>\n<p style=\"text-align: center;\">\u2795<\/p>\n<p style=\"text-align: center;\">\ud83d\udce6Vous recevrez UN paquet scell\u00e9 sous vide contenant : 2 morceaux de saucisse italienne maigre douce au fenouil, 2 morceaux de saucisse italienne maigre chaude au fenouil et 2 morceaux de saucisse italienne maigre douce.<\/p>\n<p>&nbsp;<\/p>\n<hr>\n","protected":false},"excerpt":{"rendered":"<p>\ud83c\udf2d Pacchetto Festa Salsiccia Fresca \ud83c\udf2d &nbsp; &nbsp; \ud83c\udf80 Notre derni\u00e8re promotion pour les amateurs de saucisses &nbsp; \ud83d\uded2 Vous recevrez UN paquet de 6 pi\u00e8ces scell\u00e9es sous vide comme indiqu\u00e9 ci-dessous : &nbsp; &nbsp; \ud83d\udd38 2 saucisses italiennes fra\u00eeches de Rapini \ud83d\udd38 2 Saucisse fra\u00eeche au vin blanc et au basilic \ud83d\udd38 2 saucisses&#8230;<\/p>\n","protected":false},"featured_media":51713,"comment_status":"closed","ping_status":"closed","template":"","meta":{"_bst_post_transparent":"","_bst_post_title":"","_bst_post_layout":"","_bst_post_sidebar_id":"","_bst_post_content_style":"","_bst_post_vertical_padding":"","_bst_post_feature":"","_bst_post_feature_position":"","_bst_post_header":false,"_bst_post_footer":false},"product_brand":[],"product_cat":[313,224],"product_tag":[],"giftcard-category":[],"class_list":{"0":"post-51719","1":"product","2":"type-product","3":"status-publish","4":"has-post-thumbnail","6":"product_cat-offres-speciales-2","7":"product_cat-saucisse-fraiche-a-vide","8":"product_shipping_class-livraison-gratuite","10":"first","11":"outofstock","12":"sale","13":"shipping-taxable","14":"purchasable","15":"product-type-simple","16":"entry","17":"content-bg","18":"loop-entry"},"group_of_quantity":0,"min_quantity":0,"max_quantity":"","exclude_order_quantity_value_rules":"no","exclude_category_quantity_rules":"no","combine_variations":"no","_links":{"self":[{"href":"https:\/\/johnnyprosciutto.com\/fr\/wp-json\/wp\/v2\/product\/51719","targetHints":{"allow":["GET"]}}],"collection":[{"href":"https:\/\/johnnyprosciutto.com\/fr\/wp-json\/wp\/v2\/product"}],"about":[{"href":"https:\/\/johnnyprosciutto.com\/fr\/wp-json\/wp\/v2\/types\/product"}],"replies":[{"embeddable":true,"href":"https:\/\/johnnyprosciutto.com\/fr\/wp-json\/wp\/v2\/comments?post=51719"}],"wp:featuredmedia":[{"embeddable":true,"href":"https:\/\/johnnyprosciutto.com\/fr\/wp-json\/wp\/v2\/media\/51713"}],"wp:attachment":[{"href":"https:\/\/johnnyprosciutto.com\/fr\/wp-json\/wp\/v2\/media?parent=51719"}],"wp:term":[{"taxonomy":"product_brand","embeddable":true,"href":"https:\/\/johnnyprosciutto.com\/fr\/wp-json\/wp\/v2\/product_brand?post=51719"},{"taxonomy":"product_cat","embeddable":true,"href":"https:\/\/johnnyprosciutto.com\/fr\/wp-json\/wp\/v2\/product_cat?post=51719"},{"taxonomy":"product_tag","embeddable":true,"href":"https:\/\/johnnyprosciutto.com\/fr\/wp-json\/wp\/v2\/product_tag?post=51719"},{"taxonomy":"giftcard-category","embeddable":true,"href":"https:\/\/johnnyprosciutto.com\/fr\/wp-json\/wp\/v2\/giftcard-category?post=51719"}],"curies":[{"name":"wp","href":"https:\/\/api.w.org\/{rel}","templated":true}]}}