{"id":3723,"date":"2017-08-04T14:56:35","date_gmt":"2017-08-04T18:56:35","guid":{"rendered":"https:\/\/johnnyprosciutto.com\/product\/la-moitie-prosciutto-desosse\/"},"modified":"2025-12-13T23:00:12","modified_gmt":"2025-12-14T04:00:12","slug":"la-moitie-prosciutto-desosse","status":"publish","type":"product","link":"https:\/\/johnnyprosciutto.com\/fr\/shop\/prosciutto-artisanal\/la-moitie-prosciutto-desosse\/","title":{"rendered":"Demi-prosciutto d\u00e9soss\u00e9 Crudo"},"content":{"rendered":"<p>&nbsp;<\/p>\n<h1 style=\"text-align: center;\"><strong>\ud83d\udd05<\/strong>Notre demi-pi\u00e8ce de Prosciutto Crudo artisanal<strong>\ud83d\udd05<\/strong><\/h1>\n<hr>\n<h5 style=\"text-align: center;\"><span class=\"d2edcug0 hpfvmrgz qv66sw1b c1et5uql lr9zc1uh a8c37x1j keod5gw0 nxhoafnm aigsh9s9 d3f4x2em fe6kdd0r mau55g9w c8b282yb iv3no6db jq4qci2q a3bd9o3v knj5qynh oo9gr5id hzawbc8m\" dir=\"auto\"><span class=\"pq6dq46d tbxw36s4 knj5qynh kvgmc6g5 ditlmg2l oygrvhab nvdbi5me sf5mxxl7 gl3lb2sf hhz5lgdu\"><img decoding=\"async\" class=\"alignnone\" src=\"https:\/\/static.xx.fbcdn.net\/images\/emoji.php\/v9\/tb9\/1\/16\/1f1ee_1f1f9.png\" alt=\"\ud83c\uddee\ud83c\uddf9\" width=\"16\" height=\"16\">  <\/span><\/span><strong>Homemade Just Like Nonno le fait  <\/strong><\/h5>\n<hr>\n<h5 style=\"text-align: center;\">\ud83d\udcc3La photo repr\u00e9sente un poids d&#8217;environ 2,00 kg.<\/h5>\n<hr>\n<p style=\"text-align: center;\"><strong><em>  \u26d4 Remarque : lorsque vous ajoutez ce produit \u00e0 votre panier, vous recevez UN paquet (1 pi\u00e8ce(s)). [Example: If you add one of this item to your shopping cart, you&#8217;ll be ordering only ONE package of 1 piece(s).]<\/em><\/strong><\/p>\n<h2 style=\"text-align: center;\"><\/h2>\n<h1 style=\"text-align: center;\"><\/h1>\n<h5 style=\"text-align: left;\"><strong>Ingr\u00e9dients<\/strong>: Porc, sel, poivre<\/h5>\n<h5 style=\"text-align: left;\"><strong>Date d&#8217;<\/strong> <strong>expiration du produit<\/strong> <strong>:<\/strong> 12 mois<\/h5>\n<h5 style=\"text-align: left;\"><em>(Remarque: le produit doit \u00eatre stock\u00e9 dans une zone r\u00e9frig\u00e9r\u00e9e)<\/em><\/h5>\n","protected":false},"excerpt":{"rendered":"<h5>2,00 kg par unit\u00e9<\/h5>\n<h5><span class=\"d2edcug0 hpfvmrgz qv66sw1b c1et5uql lr9zc1uh a8c37x1j keod5gw0 nxhoafnm aigsh9s9 d3f4x2em fe6kdd0r mau55g9w c8b282yb iv3no6db jq4qci2q a3bd9o3v knj5qynh oo9gr5id hzawbc8m\" dir=\"auto\"><span class=\"pq6dq46d tbxw36s4 knj5qynh kvgmc6g5 ditlmg2l oygrvhab nvdbi5me sf5mxxl7 gl3lb2sf hhz5lgdu\"><img decoding=\"async\" src=\"https:\/\/static.xx.fbcdn.net\/images\/emoji.php\/v9\/t49\/1\/16\/1f4da.png\" alt=\"\ud83d\udcda\" width=\"16\" height=\"16\"><\/span>  Fait maison comme Nonno &amp; Nonnas  <span class=\"pq6dq46d tbxw36s4 knj5qynh kvgmc6g5 ditlmg2l oygrvhab nvdbi5me sf5mxxl7 gl3lb2sf hhz5lgdu\"><img decoding=\"async\" src=\"https:\/\/static.xx.fbcdn.net\/images\/emoji.php\/v9\/tb9\/1\/16\/1f1ee_1f1f9.png\" alt=\"\ud83c\uddee\ud83c\uddf9\" width=\"16\" height=\"16\"><\/span><\/span><\/h5>\n<p>&nbsp;<\/p>\n","protected":false},"featured_media":3374,"comment_status":"open","ping_status":"closed","template":"","meta":{"_bst_post_transparent":"","_bst_post_title":"","_bst_post_layout":"","_bst_post_sidebar_id":"","_bst_post_content_style":"","_bst_post_vertical_padding":"","_bst_post_feature":"","_bst_post_feature_position":"","_bst_post_header":false,"_bst_post_footer":false},"product_brand":[],"product_cat":[219],"product_tag":[],"giftcard-category":[],"class_list":{"0":"post-3723","1":"product","2":"type-product","3":"status-publish","4":"has-post-thumbnail","6":"product_cat-prosciutto-artisanal","7":"product_shipping_class-livraison-gratuite","9":"first","10":"instock","11":"featured","12":"shipping-taxable","13":"purchasable","14":"product-type-simple","15":"entry","16":"content-bg","17":"loop-entry"},"group_of_quantity":0,"min_quantity":0,"max_quantity":"","exclude_order_quantity_value_rules":"no","exclude_category_quantity_rules":"no","combine_variations":"no","_links":{"self":[{"href":"https:\/\/johnnyprosciutto.com\/fr\/wp-json\/wp\/v2\/product\/3723","targetHints":{"allow":["GET"]}}],"collection":[{"href":"https:\/\/johnnyprosciutto.com\/fr\/wp-json\/wp\/v2\/product"}],"about":[{"href":"https:\/\/johnnyprosciutto.com\/fr\/wp-json\/wp\/v2\/types\/product"}],"replies":[{"embeddable":true,"href":"https:\/\/johnnyprosciutto.com\/fr\/wp-json\/wp\/v2\/comments?post=3723"}],"wp:featuredmedia":[{"embeddable":true,"href":"https:\/\/johnnyprosciutto.com\/fr\/wp-json\/wp\/v2\/media\/3374"}],"wp:attachment":[{"href":"https:\/\/johnnyprosciutto.com\/fr\/wp-json\/wp\/v2\/media?parent=3723"}],"wp:term":[{"taxonomy":"product_brand","embeddable":true,"href":"https:\/\/johnnyprosciutto.com\/fr\/wp-json\/wp\/v2\/product_brand?post=3723"},{"taxonomy":"product_cat","embeddable":true,"href":"https:\/\/johnnyprosciutto.com\/fr\/wp-json\/wp\/v2\/product_cat?post=3723"},{"taxonomy":"product_tag","embeddable":true,"href":"https:\/\/johnnyprosciutto.com\/fr\/wp-json\/wp\/v2\/product_tag?post=3723"},{"taxonomy":"giftcard-category","embeddable":true,"href":"https:\/\/johnnyprosciutto.com\/fr\/wp-json\/wp\/v2\/giftcard-category?post=3723"}],"curies":[{"name":"wp","href":"https:\/\/api.w.org\/{rel}","templated":true}]}}