{"id":3666,"date":"2017-08-04T15:09:15","date_gmt":"2017-08-04T19:09:15","guid":{"rendered":"https:\/\/johnnyprosciutto.com\/product\/prosciutto-desosse-entier-tranche\/"},"modified":"2026-04-01T09:10:56","modified_gmt":"2026-04-01T13:10:56","slug":"prosciutto-desosse-entier-tranche","status":"publish","type":"product","link":"https:\/\/johnnyprosciutto.com\/fr\/shop\/prosciutto-artisanal\/prosciutto-desosse-entier-tranche\/","title":{"rendered":"Prosciutto D\u00e9soss\u00e9 Entier Tranch\u00e9"},"content":{"rendered":"<p><h2>Notre Prosciutto Entier Tranch\u00e9<\/h2>\n<\/p>\n<p><strong> Nous offrons un prosciutto entier tranch\u00e9 scell\u00e9 \u00e0 vos sp\u00e9cifications.<\/strong><\/p>\n<p><strong> Veuillez s\u00e9lectionner le nombre de tranches par sachet sous vide &amp; Cliquez ensuite sur le bouton  Ajouter au panier.<\/strong><\/p>\n<p>&#8212;&#8212;&#8212;&#8212;&#8212;&#8212;&#8212;&#8212;&#8212;&#8212;&#8212;&#8212;&#8212;&#8212;&#8212;&#8212;&#8212;&#8212;&#8212;&#8212;&#8212;&#8212;&#8212;&#8212;&#8212;&#8212;&#8212;&#8212;&#8212;<\/p>\n<h5>\n<p><strong><em>::AVERTISSEMENT::<\/em><\/strong><\/p>\n<\/h5>\n<h5>\n<p><strong><em>Veuillez noter que le poids re\u00e7u ne correspond pas au poids command\u00e9 en raison de l&#8217;\u00e9limination de la graisse de la peau du produit <\/em><\/strong><\/p>\n<\/h5>\n<p>&#8212;&#8212;&#8212;&#8212;&#8212;&#8212;&#8212;&#8212;&#8212;&#8212;&#8212;&#8212;&#8212;&#8212;&#8212;&#8212;&#8212;&#8212;&#8212;&#8212;&#8212;&#8212;&#8212;&#8212;&#8212;&#8212;&#8212;&#8212;&#8212;<\/p>\n<h5>\n<p><strong>Notre Prosciutto artisanal de 12 mois sans peau est fabriqu\u00e9 avec du porc frais provenant du Qu\u00e9bec.<\/strong><\/p>\n<p><strong> C&#8217;est fabriqu\u00e9 \u00e0 la main, tout comme Nonno le fait.<\/strong><\/p>\n<p><strong> Le Meilleur Prosciutto Italien fait au Canada P\u00e9riode.<\/strong><\/p>\n<p><p>&#8212;&#8212;&#8212;&#8212;&#8212;&#8212;&#8212;&#8212;&#8212;&#8212;&#8212;&#8212;&#8212;&#8212;&#8212;&#8212;&#8212;&#8212;&#8212;&#8212;&#8212;&#8212;&#8212;&#8212;&#8212;&#8212;&#8212;&#8212;&#8212;&#8212;&#8212;&#8212;&#8212;&#8212;&#8212;&#8212;&#8212;&#8212;&#8212;&#8212;&#8212;&#8212;&#8212;&#8212;&#8212;&#8212;&#8212;-<\/p>\n<p><strong> TOUTES LES ORDONNANCES SONT SUJETTES \u00c0 LA DISPONIBILIT\u00c9. <\/strong> <\/p>\n<p>&#8212;&#8212;&#8212;&#8212;&#8212;&#8212;&#8212;&#8212;&#8212;&#8212;&#8212;&#8212;&#8212;&#8212;&#8212;&#8212;&#8212;&#8212;&#8212;&#8212;&#8212;&#8212;&#8212;&#8212;&#8212;&#8212;&#8212;&#8212;&#8212;&#8212;&#8212;&#8212;&#8212;&#8212;&#8212;&#8212;&#8212;&#8212;&#8212;&#8212;&#8212;&#8212;&#8212;&#8212;&#8212;&#8212;&#8212;&#8211;<\/p>\n<p> <strong>Ingr\u00e9dients<\/strong>: Porc, sel, poivre <\/p>\n","protected":false},"excerpt":{"rendered":"<p><strong> Veuillez indiquer une \u00e9paisseur normale ou mince aux notes de paiement <\/strong><\/p>\n","protected":false},"featured_media":4788,"comment_status":"open","ping_status":"closed","template":"","meta":{"_bst_post_transparent":"","_bst_post_title":"","_bst_post_layout":"","_bst_post_sidebar_id":"","_bst_post_content_style":"","_bst_post_vertical_padding":"","_bst_post_feature":"","_bst_post_feature_position":"","_bst_post_header":false,"_bst_post_footer":false},"product_brand":[],"product_cat":[219],"product_tag":[],"giftcard-category":[],"class_list":{"0":"post-3666","1":"product","2":"type-product","3":"status-publish","4":"has-post-thumbnail","6":"product_cat-prosciutto-artisanal","7":"product_shipping_class-livraison-gratuite","9":"first","10":"instock","11":"sale","12":"shipping-taxable","13":"purchasable","14":"product-type-variable","15":"entry","16":"content-bg","17":"loop-entry"},"group_of_quantity":0,"min_quantity":0,"max_quantity":"","exclude_order_quantity_value_rules":"no","exclude_category_quantity_rules":"no","combine_variations":"no","_links":{"self":[{"href":"https:\/\/johnnyprosciutto.com\/fr\/wp-json\/wp\/v2\/product\/3666","targetHints":{"allow":["GET"]}}],"collection":[{"href":"https:\/\/johnnyprosciutto.com\/fr\/wp-json\/wp\/v2\/product"}],"about":[{"href":"https:\/\/johnnyprosciutto.com\/fr\/wp-json\/wp\/v2\/types\/product"}],"replies":[{"embeddable":true,"href":"https:\/\/johnnyprosciutto.com\/fr\/wp-json\/wp\/v2\/comments?post=3666"}],"wp:featuredmedia":[{"embeddable":true,"href":"https:\/\/johnnyprosciutto.com\/fr\/wp-json\/wp\/v2\/media\/4788"}],"wp:attachment":[{"href":"https:\/\/johnnyprosciutto.com\/fr\/wp-json\/wp\/v2\/media?parent=3666"}],"wp:term":[{"taxonomy":"product_brand","embeddable":true,"href":"https:\/\/johnnyprosciutto.com\/fr\/wp-json\/wp\/v2\/product_brand?post=3666"},{"taxonomy":"product_cat","embeddable":true,"href":"https:\/\/johnnyprosciutto.com\/fr\/wp-json\/wp\/v2\/product_cat?post=3666"},{"taxonomy":"product_tag","embeddable":true,"href":"https:\/\/johnnyprosciutto.com\/fr\/wp-json\/wp\/v2\/product_tag?post=3666"},{"taxonomy":"giftcard-category","embeddable":true,"href":"https:\/\/johnnyprosciutto.com\/fr\/wp-json\/wp\/v2\/giftcard-category?post=3666"}],"curies":[{"name":"wp","href":"https:\/\/api.w.org\/{rel}","templated":true}]}}