{"id":32991,"date":"2021-07-05T08:22:02","date_gmt":"2021-07-05T12:22:02","guid":{"rendered":"https:\/\/johnnyprosciutto.com\/shop\/non%20class\u00e9\/prosciutto-desosse-entier-3-50kg-tranche\/"},"modified":"2026-04-01T09:10:45","modified_gmt":"2026-04-01T13:10:45","slug":"prosciutto-desosse-entier-3-50kg-tranche","status":"publish","type":"product","link":"https:\/\/johnnyprosciutto.com\/fr\/shop\/prosciutto-artisanal\/prosciutto-desosse-entier-3-50kg-tranche\/","title":{"rendered":"Prosciutto D\u00e9soss\u00e9 Entier 3.50kg Tranch\u00e9"},"content":{"rendered":"<h1 style=\"text-align: center;\"><strong>\ud83d\udd05<\/strong>Notre d\u00e9licieux prosciutto affin\u00e9 12 mois<strong>\ud83d\udd05<\/strong><\/h1>\n<p>&nbsp;<\/p>\n<hr \/>\n<h2 style=\"text-align: center;\"><strong>\ud83d\udc97 Fait maison comme non, c&#8217;est comme \u00e7a.<\/strong><\/h2>\n<hr \/>\n<h5><\/h5>\n<h5><\/h5>\n<h5 style=\"text-align: left;\"><strong>Ingr\u00e9dients<\/strong> : Porc, Sel, Poivre<\/h5>\n<h5 style=\"text-align: left;\"><strong>Expiration du produit<\/strong> <strong>Date :<\/strong> 12 mois<\/h5>\n","protected":false},"excerpt":{"rendered":"<h5><strong><em><img decoding=\"async\" class=\"emoji\" role=\"img\" draggable=\"false\" src=\"https:\/\/s.w.org\/images\/core\/emoji\/13.0.1\/svg\/1f6d1.svg\" alt=\"\ud83d\uded1\" \/>\u00a0<\/em><\/strong><strong><em>Veuillez noter que le poids re\u00e7u ne correspondra pas au poids command\u00e9 en raison du retrait de la peau &amp; graisse du produit <\/em><\/strong><strong><em><img decoding=\"async\" class=\"emoji\" role=\"img\" draggable=\"false\" src=\"https:\/\/s.w.org\/images\/core\/emoji\/13.0.1\/svg\/1f6d1.svg\" alt=\"\ud83d\uded1\" \/><\/em><\/strong><\/h5>\n<h5>\ud83d\udcac 3.50kg Entier (Pr\u00e9tranch\u00e9)<\/h5>\n<h5>\ud83d\udcac 2.90 kg Tranch\u00e9s Envoy\u00e9s (Peau et Graisse Enlev\u00e9es)<\/h5>\n<div class=\"woocommerce-product-details__short-description\">\n<h5><span class=\"d2edcug0 hpfvmrgz qv66sw1b c1et5uql lr9zc1uh a8c37x1j keod5gw0 nxhoafnm aigsh9s9 d3f4x2em fe6kdd0r mau55g9w c8b282yb iv3no6db jq4qci2q a3bd9o3v knj5qynh oo9gr5id hzawbc8m\" dir=\"auto\"> <span class=\"pq6dq46d tbxw36s4 knj5qynh kvgmc6g5 ditlmg2l oygrvhab nvdbi5me sf5mxxl7 gl3lb2sf hhz5lgdu\"><img decoding=\"async\" src=\"https:\/\/static.xx.fbcdn.net\/images\/emoji.php\/v9\/t49\/1\/16\/1f4da.png\" alt=\"\ud83d\udcda\" width=\"16\" height=\"16 \" \/><\/span> Fait maison comme Nonno et Nonna <span class=\"pq6dq46d tbxw36s4 knj5qynh kvgmc6g5 ditlmg2l oygrvhab nvdbi5me sf5mxxl7 gl3lb2sf hhz5lgdu\"><img decoding=\"async\" src=\"https:\/\/static.xx.fbc\/\/16e1dn.net\/images .png\" alt=\"\ud83c\uddee\ud83c\uddf9\" width=\"16\" height=\"16\" \/><\/span><\/span><\/h5>\n<\/div>\n<h5><\/h5>\n","protected":false},"featured_media":32546,"comment_status":"open","ping_status":"closed","template":"","meta":{"_bst_post_transparent":"","_bst_post_title":"","_bst_post_layout":"","_bst_post_sidebar_id":"","_bst_post_content_style":"","_bst_post_vertical_padding":"","_bst_post_feature":"","_bst_post_feature_position":"","_bst_post_header":false,"_bst_post_footer":false},"product_brand":[],"product_cat":[219],"product_tag":[],"giftcard-category":[],"class_list":{"0":"post-32991","1":"product","2":"type-product","3":"status-publish","4":"has-post-thumbnail","6":"product_cat-prosciutto-artisanal","7":"product_shipping_class-livraison-gratuite","9":"first","10":"instock","11":"shipping-taxable","12":"purchasable","13":"product-type-variable","14":"entry","15":"content-bg","16":"loop-entry"},"group_of_quantity":0,"min_quantity":0,"max_quantity":"","exclude_order_quantity_value_rules":"no","exclude_category_quantity_rules":"no","combine_variations":"no","_links":{"self":[{"href":"https:\/\/johnnyprosciutto.com\/fr\/wp-json\/wp\/v2\/product\/32991","targetHints":{"allow":["GET"]}}],"collection":[{"href":"https:\/\/johnnyprosciutto.com\/fr\/wp-json\/wp\/v2\/product"}],"about":[{"href":"https:\/\/johnnyprosciutto.com\/fr\/wp-json\/wp\/v2\/types\/product"}],"replies":[{"embeddable":true,"href":"https:\/\/johnnyprosciutto.com\/fr\/wp-json\/wp\/v2\/comments?post=32991"}],"wp:featuredmedia":[{"embeddable":true,"href":"https:\/\/johnnyprosciutto.com\/fr\/wp-json\/wp\/v2\/media\/32546"}],"wp:attachment":[{"href":"https:\/\/johnnyprosciutto.com\/fr\/wp-json\/wp\/v2\/media?parent=32991"}],"wp:term":[{"taxonomy":"product_brand","embeddable":true,"href":"https:\/\/johnnyprosciutto.com\/fr\/wp-json\/wp\/v2\/product_brand?post=32991"},{"taxonomy":"product_cat","embeddable":true,"href":"https:\/\/johnnyprosciutto.com\/fr\/wp-json\/wp\/v2\/product_cat?post=32991"},{"taxonomy":"product_tag","embeddable":true,"href":"https:\/\/johnnyprosciutto.com\/fr\/wp-json\/wp\/v2\/product_tag?post=32991"},{"taxonomy":"giftcard-category","embeddable":true,"href":"https:\/\/johnnyprosciutto.com\/fr\/wp-json\/wp\/v2\/giftcard-category?post=32991"}],"curies":[{"name":"wp","href":"https:\/\/api.w.org\/{rel}","templated":true}]}}