{"id":31841,"date":"2021-06-13T10:04:51","date_gmt":"2021-06-13T14:04:52","guid":{"rendered":"https:\/\/johnnyprosciutto.com\/?post_type=product&#038;p=31841"},"modified":"2025-04-13T13:06:30","modified_gmt":"2025-04-13T17:06:30","slug":"delicieuse-pizza-supreme","status":"publish","type":"product","link":"https:\/\/johnnyprosciutto.com\/fr\/shop\/offres-speciales-2\/delicieuse-pizza-supreme\/","title":{"rendered":"Pizza Lovers Supreme"},"content":{"rendered":"<h2 style=\"text-align: center;\"><em>\ud83d\udd06 Notre derni\u00e8re promotion\ud83d\udd06<\/em><\/h2>\n<hr>\n<h3><\/h3>\n<h1 style=\"text-align: center;\"><img decoding=\"async\" class=\"emoji\" role=\"img\" draggable=\"false\" src=\"https:\/\/s.w.org\/images\/core\/emoji\/13.0.1\/svg\/1f355.svg\" alt=\"\ud83c\udf55\"><strong>  Pizza Lovers Supreme  <\/strong><img decoding=\"async\" class=\"emoji\" role=\"img\" draggable=\"false\" src=\"https:\/\/s.w.org\/images\/core\/emoji\/13.0.1\/svg\/1f355.svg\" alt=\"\ud83c\udf55\"><\/h1>\n<h3 style=\"text-align: center;\"><strong> <\/strong><\/h3>\n<hr>\n<h5 style=\"text-align: center;\">\ud83d\ude4f Bont\u00e9 divine pour votre estomac<\/h5>\n<hr>\n<p style=\"text-align: center;\"><em><strong>\ud83d\udc49 Vous recevrez les \u00e9l\u00e9ments suivants \ud83d\udc49<\/strong> <\/em><\/p>\n<h5 style=\"text-align: center;\"><em>(Veuillez cliquer sur les liens pour consulter les descriptions des produits)<\/em><\/h5>\n<hr>\n<ul style=\"text-align: center;\">\n<li><a href=\"https:\/\/boulangeriemarguerita.com\/\">1 x P\u00e2te \u00e0 pizza Marguerita fra\u00eechement pr\u00e9par\u00e9e<\/a><\/li>\n<li><a href=\"https:\/\/johnnyprosciutto.com\/shop\/condiments\/stefano-tomato-basil\/\">1 x Stefano &#8211; Pot de tomates et basilic 660ml<\/a><\/li>\n<li><a href=\"https:\/\/johnnyprosciutto.com\/shop\/vacuum-sealed-sliced-products-2\/sliced-pizza-pepperoni-4\/\">2 x Pizza tranch\u00e9e Pepperoni Emballages scell\u00e9s sous vide de 250g<\/a><\/li>\n<li><a href=\"https:\/\/johnnyprosciutto.com\/shop\/vacuum-sealed-sliced-products-2\/sliced-genoa-salami\/\">1 x Salami de G\u00eanes tranch\u00e9 Emballages sous vide de 250g<\/a><\/li>\n<li><a href=\"https:\/\/johnnyprosciutto.com\/shop\/specialty-cheese\/parmigiano-reggiano-wedge-30-month-aged\/\"><em>1 x Parmigiano Reggiano Wedge 30 Month Aged Grated 250g<\/em><\/a><\/li>\n<li><em> <\/em><a href=\"https:\/\/johnnyprosciutto.com\/shop\/specialty-cheese\/mini-friulano-cheese\/\">1 x Mini fromage Friulano de 500g<\/a><\/li>\n<li><a href=\"https:\/\/johnnyprosciutto.com\/shop\/olives\/green-silician-pitted-olives-by-lena\/\">1 x Un paquet d&#8217;olives vertes siliciennes d\u00e9noyaut\u00e9es de Lena<\/a><br \/>\n<hr>\n<\/li>\n<\/ul>\n<p style=\"text-align: center;\">\n","protected":false},"excerpt":{"rendered":"<h6><span class=\"d2edcug0 hpfvmrgz qv66sw1b c1et5uql lr9zc1uh a8c37x1j keod5gw0 nxhoafnm aigsh9s9 d3f4x2em fe6kdd0r mau55g9w c8b282yb iv3no6db jq4qci2q a3bd9o3v knj5qynh oo9gr5id hzawbc8m\" dir=\"auto\"><span class=\"pq6dq46d tbxw36s4 knj5qynh kvgmc6g5 ditlmg2l oygrvhab nvdbi5me sf5mxxl7 gl3lb2sf hhz5lgdu\"><img decoding=\"async\" class=\"\" src=\"https:\/\/static.xx.fbcdn.net\/images\/emoji.php\/v9\/t49\/1\/16\/1f4da.png\" alt=\"\ud83d\udcda\" width=\"16\" height=\"16\"><\/span>  Fait maison comme Nonno &amp; Nonnas  <span class=\"pq6dq46d tbxw36s4 knj5qynh kvgmc6g5 ditlmg2l oygrvhab nvdbi5me sf5mxxl7 gl3lb2sf hhz5lgdu\"><img decoding=\"async\" src=\"https:\/\/static.xx.fbcdn.net\/images\/emoji.php\/v9\/tb9\/1\/16\/1f1ee_1f1f9.png\" alt=\"\ud83c\uddee\ud83c\uddf9\" width=\"16\" height=\"16\"><\/span><\/span><\/h6>\n<p>&nbsp;<\/p>\n","protected":false},"featured_media":31847,"comment_status":"open","ping_status":"closed","template":"","meta":{"_bst_post_transparent":"","_bst_post_title":"","_bst_post_layout":"","_bst_post_sidebar_id":"","_bst_post_content_style":"","_bst_post_vertical_padding":"","_bst_post_feature":"","_bst_post_feature_position":"","_bst_post_header":false,"_bst_post_footer":false},"product_brand":[],"product_cat":[313],"product_tag":[],"giftcard-category":[],"class_list":{"0":"post-31841","1":"product","2":"type-product","3":"status-publish","4":"has-post-thumbnail","6":"product_cat-offres-speciales-2","7":"product_shipping_class-livraison-gratuite","9":"first","10":"instock","11":"sale","12":"shipping-taxable","13":"purchasable","14":"product-type-simple","15":"entry","16":"content-bg","17":"loop-entry"},"group_of_quantity":0,"min_quantity":0,"max_quantity":"","exclude_order_quantity_value_rules":"no","exclude_category_quantity_rules":"no","combine_variations":"no","_links":{"self":[{"href":"https:\/\/johnnyprosciutto.com\/fr\/wp-json\/wp\/v2\/product\/31841","targetHints":{"allow":["GET"]}}],"collection":[{"href":"https:\/\/johnnyprosciutto.com\/fr\/wp-json\/wp\/v2\/product"}],"about":[{"href":"https:\/\/johnnyprosciutto.com\/fr\/wp-json\/wp\/v2\/types\/product"}],"replies":[{"embeddable":true,"href":"https:\/\/johnnyprosciutto.com\/fr\/wp-json\/wp\/v2\/comments?post=31841"}],"wp:featuredmedia":[{"embeddable":true,"href":"https:\/\/johnnyprosciutto.com\/fr\/wp-json\/wp\/v2\/media\/31847"}],"wp:attachment":[{"href":"https:\/\/johnnyprosciutto.com\/fr\/wp-json\/wp\/v2\/media?parent=31841"}],"wp:term":[{"taxonomy":"product_brand","embeddable":true,"href":"https:\/\/johnnyprosciutto.com\/fr\/wp-json\/wp\/v2\/product_brand?post=31841"},{"taxonomy":"product_cat","embeddable":true,"href":"https:\/\/johnnyprosciutto.com\/fr\/wp-json\/wp\/v2\/product_cat?post=31841"},{"taxonomy":"product_tag","embeddable":true,"href":"https:\/\/johnnyprosciutto.com\/fr\/wp-json\/wp\/v2\/product_tag?post=31841"},{"taxonomy":"giftcard-category","embeddable":true,"href":"https:\/\/johnnyprosciutto.com\/fr\/wp-json\/wp\/v2\/giftcard-category?post=31841"}],"curies":[{"name":"wp","href":"https:\/\/api.w.org\/{rel}","templated":true}]}}