{"id":2791,"date":"2017-02-23T15:10:04","date_gmt":"2017-02-23T20:10:04","guid":{"rendered":"https:\/\/johnnyprosciutto.com\/product\/sopressata\/"},"modified":"2024-05-05T01:12:12","modified_gmt":"2024-05-05T05:12:12","slug":"sopressata","status":"publish","type":"product","link":"https:\/\/johnnyprosciutto.com\/fr\/shop\/artisanaux-seche-sopressata-fr\/sopressata\/","title":{"rendered":"Sopressata Calabraise"},"content":{"rendered":"<p style=\"text-align: center;\"><strong> \ud83d\udd05 Notre Sopressata Calabrese Artisanale de 2 mois \ud83d\udd05<\/strong><\/p>\n<hr \/>\n<p style=\"text-align: center;\"><strong> \ud83d\udcaf 100% Naturel et 100% D\u00e9licieux<\/strong><\/p>\n<hr \/>\n<p style=\"text-align: center;\"><strong> \ud83d\udcda Nos clients commentent toujours.. C&#8217;est comme celui de Nonno<\/strong><\/p>\n<p>&nbsp;<\/p>\n<hr \/>\n<p style=\"text-align: center;\"><strong> \ud83d\udc96 Tous nos produits sont faits de porc frais provenant du Qu\u00e9bec. <\/strong><\/p>\n<hr \/>\n<h1><\/h1>\n<p style=\"text-align: center;\"><strong> \u26d4 <em>Veuillez noter : lorsque vous ajoutez ce produit \u00e0 votre panier, vous recevrez UN colis (1 pi\u00e8ce(s)). [Exemple : Si vous ajoutez l&#8217;un de ces articles \u00e0 votre panier, vous ne commanderez qu&#8217;UN seul paquet de 1 pi\u00e8ce(s).]<\/em><\/strong><\/p>\n<p>&nbsp;<\/p>\n<hr \/>\n<h1><\/h1>\n<p style=\"text-align: left;\"><strong>Ingr\u00e9dients<\/strong> : porc, sel, dextrose, \u00e9pices, \u00e9rythorbate de sodium, nitrite de sodium, culture bact\u00e9rienne<\/p>\n<p style=\"text-align: left;\"><strong>Expiration du produit<\/strong> <strong>Date :<\/strong> 6 mois<\/p>\n<p style=\"text-align: left;\"><em>(Remarque : le produit doit \u00eatre stock\u00e9 dans une zone r\u00e9frig\u00e9r\u00e9e)<\/em><\/p>\n","protected":false},"excerpt":{"rendered":"<h5>Notre Saveur Piquante &#8211; 240g par unit\u00e9<\/h5>\n<div class=\"woocommerce-product-details__short-description\">\n<h5><span class=\"d2edcug0 hpfvmrgz qv66sw1b c1et5uql lr9zc1uh a8c37x1j keod5gw0 nxhoafnm aigsh9s9 d3f4x2em fe6kdd0r mau55g9w c8b282yb iv3no6db jq4qci2q a3bd9o3v knj5qynh oo9gr5id hzawbc8m\" dir=\"auto\"> <span class=\"pq6dq46d tbxw36s4 knj5qynh kvgmc6g5 ditlmg2l oygrvhab nvdbi5me sf5mxxl7 gl3lb2sf hhz5lgdu\"><img decoding=\"async\" src=\"https:\/\/static.xx.fbcdn.net\/images\/emoji.php\/v9\/t49\/1\/16\/1f4da.png\" alt=\"\ud83d\udcda\" width=\"16\" height=\"16 \" \/><\/span> Fait maison comme Nonno et Nonnas <\/span><span class=\"Y2IQFc\" lang=\"fr\">\ud83c\uddee\ud83c\uddf9<\/span><\/h5>\n<h5><\/h5>\n<\/div>\n","protected":false},"featured_media":3036,"comment_status":"open","ping_status":"closed","template":"","meta":{"_bst_post_transparent":"","_bst_post_title":"","_bst_post_layout":"","_bst_post_sidebar_id":"","_bst_post_content_style":"","_bst_post_vertical_padding":"","_bst_post_feature":"","_bst_post_feature_position":"","_bst_post_header":false,"_bst_post_footer":false},"product_brand":[],"product_cat":[268],"product_tag":[],"giftcard-category":[],"class_list":{"0":"post-2791","1":"product","2":"type-product","3":"status-publish","4":"has-post-thumbnail","6":"product_cat-artisanaux-seche-sopressata-fr","7":"product_shipping_class-livraison-gratuite","9":"first","10":"instock","11":"shipping-taxable","12":"purchasable","13":"product-type-variable","14":"entry","15":"content-bg","16":"loop-entry"},"group_of_quantity":0,"min_quantity":0,"max_quantity":"","exclude_order_quantity_value_rules":"no","exclude_category_quantity_rules":"no","combine_variations":"no","_links":{"self":[{"href":"https:\/\/johnnyprosciutto.com\/fr\/wp-json\/wp\/v2\/product\/2791","targetHints":{"allow":["GET"]}}],"collection":[{"href":"https:\/\/johnnyprosciutto.com\/fr\/wp-json\/wp\/v2\/product"}],"about":[{"href":"https:\/\/johnnyprosciutto.com\/fr\/wp-json\/wp\/v2\/types\/product"}],"replies":[{"embeddable":true,"href":"https:\/\/johnnyprosciutto.com\/fr\/wp-json\/wp\/v2\/comments?post=2791"}],"wp:featuredmedia":[{"embeddable":true,"href":"https:\/\/johnnyprosciutto.com\/fr\/wp-json\/wp\/v2\/media\/3036"}],"wp:attachment":[{"href":"https:\/\/johnnyprosciutto.com\/fr\/wp-json\/wp\/v2\/media?parent=2791"}],"wp:term":[{"taxonomy":"product_brand","embeddable":true,"href":"https:\/\/johnnyprosciutto.com\/fr\/wp-json\/wp\/v2\/product_brand?post=2791"},{"taxonomy":"product_cat","embeddable":true,"href":"https:\/\/johnnyprosciutto.com\/fr\/wp-json\/wp\/v2\/product_cat?post=2791"},{"taxonomy":"product_tag","embeddable":true,"href":"https:\/\/johnnyprosciutto.com\/fr\/wp-json\/wp\/v2\/product_tag?post=2791"},{"taxonomy":"giftcard-category","embeddable":true,"href":"https:\/\/johnnyprosciutto.com\/fr\/wp-json\/wp\/v2\/giftcard-category?post=2791"}],"curies":[{"name":"wp","href":"https:\/\/api.w.org\/{rel}","templated":true}]}}