{"id":20692,"date":"2020-12-07T10:33:41","date_gmt":"2020-12-07T15:33:41","guid":{"rendered":"https:\/\/johnnyprosciutto.com\/onlinestore\/non%20class\u00e9\/plan-dadhesion-vip-plus-6-mois\/"},"modified":"2025-04-13T13:06:59","modified_gmt":"2025-04-13T17:06:59","slug":"plan-dadhesion-vip-plus-6-mois","status":"publish","type":"product","link":"https:\/\/johnnyprosciutto.com\/fr\/shop\/adhesions\/plan-dadhesion-vip-plus-6-mois\/","title":{"rendered":"Plan d&#8217;adh\u00e9sion VIP Plus &#8211; 6 mois"},"content":{"rendered":"","protected":false},"excerpt":{"rendered":"<h5><strong><em>*Veuillez acheter notre plan VIP avant de passer votre commande. Une fois pay\u00e9e, l&#8217;adh\u00e9sion deviendra active et vous remarquerez les nouveaux prix et remises. <\/em><\/strong><\/h5>\n<ul>\n<li>15% de r\u00e9duction sur TOUS les produits fabriqu\u00e9s par Johnny Prosciutto<\/li>\n<\/ul>\n<ul>\n<li>Recevez 15% de r\u00e9duction suppl\u00e9mentaire en plus de notre promotion actuelle !<\/li>\n<\/ul>\n<ul>\n<li>Cette adh\u00e9sion est valable 6 mois \u00e0 compter de la date d&#8217;achat.<\/li>\n<\/ul>\n<ul>\n<li>Vous souhaitez b\u00e9n\u00e9ficier d&#8217;une r\u00e9duction ? Devenez membre ! <\/li>\n<\/ul>\n<ul>\n<li><em>Un seul plan d&#8217;affiliation actif peut \u00eatre actif<br \/>\n<\/em><\/li>\n<li><em>Les adh\u00e9sions VIP n&#8217;affectent pas les prix en volume, les promotions, les adh\u00e9sions et les livraisons locales.<\/em><\/li>\n<li>Cette adh\u00e9sion est valable pour notre magasin en ligne. (Actuellement indisponible pour notre magasin de d\u00e9tail) <\/li>\n<\/ul>\n<h5><strong><em>*Veuillez acheter notre plan VIP avant de passer votre commande. Une fois pay\u00e9e, l&#8217;adh\u00e9sion deviendra active et vous remarquerez les nouveaux prix et remises. <\/em><\/strong><\/h5>\n<p>&nbsp;<\/p>\n<p>&nbsp;<\/p>\n","protected":false},"featured_media":23205,"comment_status":"open","ping_status":"closed","template":"","meta":{"_bst_post_transparent":"","_bst_post_title":"","_bst_post_layout":"","_bst_post_sidebar_id":"","_bst_post_content_style":"","_bst_post_vertical_padding":"","_bst_post_feature":"","_bst_post_feature_position":"","_bst_post_header":false,"_bst_post_footer":false},"product_brand":[],"product_cat":[690],"product_tag":[],"giftcard-category":[],"class_list":{"0":"post-20692","1":"product","2":"type-product","3":"status-publish","4":"has-post-thumbnail","6":"product_cat-adhesions","7":"product_shipping_class-pas-de-frais","9":"first","10":"instock","11":"sale","12":"virtual","13":"purchasable","14":"product-type-simple","15":"entry","16":"content-bg","17":"loop-entry"},"group_of_quantity":0,"min_quantity":0,"max_quantity":"","exclude_order_quantity_value_rules":"no","exclude_category_quantity_rules":"no","combine_variations":"no","_links":{"self":[{"href":"https:\/\/johnnyprosciutto.com\/fr\/wp-json\/wp\/v2\/product\/20692","targetHints":{"allow":["GET"]}}],"collection":[{"href":"https:\/\/johnnyprosciutto.com\/fr\/wp-json\/wp\/v2\/product"}],"about":[{"href":"https:\/\/johnnyprosciutto.com\/fr\/wp-json\/wp\/v2\/types\/product"}],"replies":[{"embeddable":true,"href":"https:\/\/johnnyprosciutto.com\/fr\/wp-json\/wp\/v2\/comments?post=20692"}],"wp:featuredmedia":[{"embeddable":true,"href":"https:\/\/johnnyprosciutto.com\/fr\/wp-json\/wp\/v2\/media\/23205"}],"wp:attachment":[{"href":"https:\/\/johnnyprosciutto.com\/fr\/wp-json\/wp\/v2\/media?parent=20692"}],"wp:term":[{"taxonomy":"product_brand","embeddable":true,"href":"https:\/\/johnnyprosciutto.com\/fr\/wp-json\/wp\/v2\/product_brand?post=20692"},{"taxonomy":"product_cat","embeddable":true,"href":"https:\/\/johnnyprosciutto.com\/fr\/wp-json\/wp\/v2\/product_cat?post=20692"},{"taxonomy":"product_tag","embeddable":true,"href":"https:\/\/johnnyprosciutto.com\/fr\/wp-json\/wp\/v2\/product_tag?post=20692"},{"taxonomy":"giftcard-category","embeddable":true,"href":"https:\/\/johnnyprosciutto.com\/fr\/wp-json\/wp\/v2\/giftcard-category?post=20692"}],"curies":[{"name":"wp","href":"https:\/\/api.w.org\/{rel}","templated":true}]}}