{"id":20004,"date":"2020-11-03T17:33:47","date_gmt":"2020-11-03T22:33:47","guid":{"rendered":"https:\/\/johnnyprosciutto.com\/onlinestore\/non%20class\u00e9\/salsiccia-affumicata\/"},"modified":"2025-04-13T13:07:01","modified_gmt":"2025-04-13T17:07:01","slug":"salsiccia-affumicata","status":"publish","type":"product","link":"https:\/\/johnnyprosciutto.com\/fr\/shop\/saucisse-artisanale-sechee\/salsiccia-affumicata\/","title":{"rendered":"Salsiccia Affumicata"},"content":{"rendered":"<h5 style=\"text-align: center;\">\ud83d\udd05Notre Salsiccia Affumicata est moelleuse et d\u00e9licieuse ! Nous les fumons comme il se doit et les laissons pleins de saveur.\ud83d\udd05 <\/h5>\n<ul style=\"text-align: center;\">\n<li style=\"text-align: left;\">\n<h5>\u2705Produit hebdomadairement<\/h5>\n<\/li>\n<\/ul>\n<ul style=\"text-align: left;\">\n<li>\n<h5>\u2705Ingr\u00e9dients : Ingr\u00e9dients : Porc, sel, sucre, \u00e9rythorbate de sodium, \u00e9pices.<\/h5>\n<\/li>\n<\/ul>\n<ul style=\"text-align: center;\">\n<li style=\"text-align: left;\">\n<h5>\u2705La photo repr\u00e9sente un poids d&#8217;environ 350g<\/h5>\n<\/li>\n<\/ul>\n<h5><\/h5>\n<h5 style=\"text-align: left;\"><em>Expiration des produits : 2 mois<\/em><\/h5>\n","protected":false},"excerpt":{"rendered":"<h5>Environ 350g par unit\u00e9\/paquet<\/h5>\n<h5><em>-2 pi\u00e8ces par paquet-<\/em><\/h5>\n<p>&nbsp;<\/p>\n","protected":false},"featured_media":20002,"comment_status":"open","ping_status":"closed","template":"","meta":{"_bst_post_transparent":"","_bst_post_title":"","_bst_post_layout":"","_bst_post_sidebar_id":"","_bst_post_content_style":"","_bst_post_vertical_padding":"","_bst_post_feature":"","_bst_post_feature_position":"","_bst_post_header":false,"_bst_post_footer":false},"product_brand":[],"product_cat":[221],"product_tag":[],"giftcard-category":[],"class_list":{"0":"post-20004","1":"product","2":"type-product","3":"status-publish","4":"has-post-thumbnail","6":"product_cat-saucisse-artisanale-sechee","7":"product_shipping_class-livraison-gratuite","9":"first","10":"outofstock","11":"sale","12":"shipping-taxable","13":"purchasable","14":"product-type-simple","15":"entry","16":"content-bg","17":"loop-entry"},"group_of_quantity":0,"min_quantity":0,"max_quantity":"","exclude_order_quantity_value_rules":"no","exclude_category_quantity_rules":"no","combine_variations":"no","_links":{"self":[{"href":"https:\/\/johnnyprosciutto.com\/fr\/wp-json\/wp\/v2\/product\/20004","targetHints":{"allow":["GET"]}}],"collection":[{"href":"https:\/\/johnnyprosciutto.com\/fr\/wp-json\/wp\/v2\/product"}],"about":[{"href":"https:\/\/johnnyprosciutto.com\/fr\/wp-json\/wp\/v2\/types\/product"}],"replies":[{"embeddable":true,"href":"https:\/\/johnnyprosciutto.com\/fr\/wp-json\/wp\/v2\/comments?post=20004"}],"wp:featuredmedia":[{"embeddable":true,"href":"https:\/\/johnnyprosciutto.com\/fr\/wp-json\/wp\/v2\/media\/20002"}],"wp:attachment":[{"href":"https:\/\/johnnyprosciutto.com\/fr\/wp-json\/wp\/v2\/media?parent=20004"}],"wp:term":[{"taxonomy":"product_brand","embeddable":true,"href":"https:\/\/johnnyprosciutto.com\/fr\/wp-json\/wp\/v2\/product_brand?post=20004"},{"taxonomy":"product_cat","embeddable":true,"href":"https:\/\/johnnyprosciutto.com\/fr\/wp-json\/wp\/v2\/product_cat?post=20004"},{"taxonomy":"product_tag","embeddable":true,"href":"https:\/\/johnnyprosciutto.com\/fr\/wp-json\/wp\/v2\/product_tag?post=20004"},{"taxonomy":"giftcard-category","embeddable":true,"href":"https:\/\/johnnyprosciutto.com\/fr\/wp-json\/wp\/v2\/giftcard-category?post=20004"}],"curies":[{"name":"wp","href":"https:\/\/api.w.org\/{rel}","templated":true}]}}