{"id":18161,"date":"2020-05-12T08:44:40","date_gmt":"2020-05-12T12:44:40","guid":{"rendered":"https:\/\/johnnyprosciutto.com\/onlinestore\/non%20class\u00e9\/stefano-sauce-a-la-viande\/"},"modified":"2025-04-13T13:07:08","modified_gmt":"2025-04-13T17:07:08","slug":"stefano-sauce-a-la-viande","status":"publish","type":"product","link":"https:\/\/johnnyprosciutto.com\/fr\/shop\/condiments-fr\/stefano-sauce-a-la-viande\/","title":{"rendered":"Stefano &#8211; Sauce \u00e0 la viande"},"content":{"rendered":"<h5>Un m\u00e9lange de b\u0153uf et de porc canadiens ainsi que des l\u00e9gumes cuits lentement donnent \u00e0 cette sauce \u00e0 la viande une saveur riche et une texture consistante. Le r\u00e9confort dans une assiette ! <\/h5>\n<ul>\n<li>Ingr\u00e9dients : Tomates italiennes enti\u00e8res pel\u00e9es (tomates, jus de tomate) &#8211; B\u0153uf &#8211; Porc &#8211; Tomates concass\u00e9es &#8211; Oignons &#8211; Carottes &#8211; Huile d&#8217;olive extra vierge &#8211; C\u00e9leri &#8211; Ail &#8211; Sel de mer &#8211; Herbes &#8211; Acide citrique (acidifiant) &#8211; \u00c9pices &#8211; Piments concass\u00e9s &#8211;<\/li>\n<\/ul>\n<ul>\n<li>635ml par unit\u00e9<\/li>\n<\/ul>\n<ul>\n<li>Sans gluten<\/li>\n<\/ul>\n","protected":false},"excerpt":{"rendered":"<ul>\n<li>660ml par unit\u00e9<\/li>\n<\/ul>\n<ul>\n<li>Sans gluten<\/li>\n<\/ul>\n","protected":false},"featured_media":18149,"comment_status":"open","ping_status":"closed","template":"","meta":{"_bst_post_transparent":"","_bst_post_title":"","_bst_post_layout":"","_bst_post_sidebar_id":"","_bst_post_content_style":"","_bst_post_vertical_padding":"","_bst_post_feature":"","_bst_post_feature_position":"","_bst_post_header":false,"_bst_post_footer":false},"product_brand":[],"product_cat":[322],"product_tag":[],"giftcard-category":[],"class_list":{"0":"post-18161","1":"product","2":"type-product","3":"status-publish","4":"has-post-thumbnail","6":"product_cat-condiments-fr","7":"product_shipping_class-expedition-reguliere","9":"first","10":"instock","11":"sale","12":"shipping-taxable","13":"purchasable","14":"product-type-simple","15":"entry","16":"content-bg","17":"loop-entry"},"group_of_quantity":0,"min_quantity":0,"max_quantity":"","exclude_order_quantity_value_rules":"no","exclude_category_quantity_rules":"no","combine_variations":"no","_links":{"self":[{"href":"https:\/\/johnnyprosciutto.com\/fr\/wp-json\/wp\/v2\/product\/18161","targetHints":{"allow":["GET"]}}],"collection":[{"href":"https:\/\/johnnyprosciutto.com\/fr\/wp-json\/wp\/v2\/product"}],"about":[{"href":"https:\/\/johnnyprosciutto.com\/fr\/wp-json\/wp\/v2\/types\/product"}],"replies":[{"embeddable":true,"href":"https:\/\/johnnyprosciutto.com\/fr\/wp-json\/wp\/v2\/comments?post=18161"}],"wp:featuredmedia":[{"embeddable":true,"href":"https:\/\/johnnyprosciutto.com\/fr\/wp-json\/wp\/v2\/media\/18149"}],"wp:attachment":[{"href":"https:\/\/johnnyprosciutto.com\/fr\/wp-json\/wp\/v2\/media?parent=18161"}],"wp:term":[{"taxonomy":"product_brand","embeddable":true,"href":"https:\/\/johnnyprosciutto.com\/fr\/wp-json\/wp\/v2\/product_brand?post=18161"},{"taxonomy":"product_cat","embeddable":true,"href":"https:\/\/johnnyprosciutto.com\/fr\/wp-json\/wp\/v2\/product_cat?post=18161"},{"taxonomy":"product_tag","embeddable":true,"href":"https:\/\/johnnyprosciutto.com\/fr\/wp-json\/wp\/v2\/product_tag?post=18161"},{"taxonomy":"giftcard-category","embeddable":true,"href":"https:\/\/johnnyprosciutto.com\/fr\/wp-json\/wp\/v2\/giftcard-category?post=18161"}],"curies":[{"name":"wp","href":"https:\/\/api.w.org\/{rel}","templated":true}]}}