{"id":17811,"date":"2020-05-05T13:23:29","date_gmt":"2020-05-05T17:23:29","guid":{"rendered":"https:\/\/johnnyprosciutto.com\/onlinestore\/non%20class\u00e9\/huile-dolive-portugaise-saloio\/"},"modified":"2026-04-07T18:05:46","modified_gmt":"2026-04-07T22:05:46","slug":"huile-dolive-portugaise-saloio","status":"publish","type":"product","link":"https:\/\/johnnyprosciutto.com\/fr\/shop\/condiments-fr\/huile-dolive-portugaise-saloio\/","title":{"rendered":"Huile d&#8217;olive portugaise Saloio"},"content":{"rendered":"<h5>L&#8217;huile d&#8217;olive Saloio est pr\u00e9f\u00e9r\u00e9e par ceux qui aiment le go\u00fbt original de l&#8217;olive, qui poss\u00e8de ses propres caract\u00e9ristiques inn\u00e9es. L&#8217;huile d&#8217;olive Saloio a \u00e9t\u00e9 la premi\u00e8re \u00e0 franchir les fronti\u00e8res portugaises et \u00e0 \u00eatre reconnue internationalement. La tradition de l&#8217;huile d&#8217;olive Saloio est aujourd&#8217;hui un symbole portugais dans le monde.  <\/h5>\n<ul>\n<li>Import\u00e9 du Portugal<\/li>\n<\/ul>\n<ul>\n<li>900ml par unit\u00e9<\/li>\n<\/ul>\n","protected":false},"excerpt":{"rendered":"<h5>Huile d&#8217;olive extra vierge<\/h5>\n<ul>\n<li>900ml par unit\u00e9<\/li>\n<\/ul>\n","protected":false},"featured_media":19843,"comment_status":"open","ping_status":"closed","template":"","meta":{"_bst_post_transparent":"","_bst_post_title":"","_bst_post_layout":"","_bst_post_sidebar_id":"","_bst_post_content_style":"","_bst_post_vertical_padding":"","_bst_post_feature":"","_bst_post_feature_position":"","_bst_post_header":false,"_bst_post_footer":false},"product_brand":[],"product_cat":[322],"product_tag":[],"giftcard-category":[],"class_list":{"0":"post-17811","1":"product","2":"type-product","3":"status-publish","4":"has-post-thumbnail","6":"product_cat-condiments-fr","7":"product_shipping_class-expedition-reguliere","9":"first","10":"instock","11":"sale","12":"shipping-taxable","13":"purchasable","14":"product-type-simple","15":"entry","16":"content-bg","17":"loop-entry"},"group_of_quantity":0,"min_quantity":0,"max_quantity":"","exclude_order_quantity_value_rules":"no","exclude_category_quantity_rules":"no","combine_variations":"no","_links":{"self":[{"href":"https:\/\/johnnyprosciutto.com\/fr\/wp-json\/wp\/v2\/product\/17811","targetHints":{"allow":["GET"]}}],"collection":[{"href":"https:\/\/johnnyprosciutto.com\/fr\/wp-json\/wp\/v2\/product"}],"about":[{"href":"https:\/\/johnnyprosciutto.com\/fr\/wp-json\/wp\/v2\/types\/product"}],"replies":[{"embeddable":true,"href":"https:\/\/johnnyprosciutto.com\/fr\/wp-json\/wp\/v2\/comments?post=17811"}],"wp:featuredmedia":[{"embeddable":true,"href":"https:\/\/johnnyprosciutto.com\/fr\/wp-json\/wp\/v2\/media\/19843"}],"wp:attachment":[{"href":"https:\/\/johnnyprosciutto.com\/fr\/wp-json\/wp\/v2\/media?parent=17811"}],"wp:term":[{"taxonomy":"product_brand","embeddable":true,"href":"https:\/\/johnnyprosciutto.com\/fr\/wp-json\/wp\/v2\/product_brand?post=17811"},{"taxonomy":"product_cat","embeddable":true,"href":"https:\/\/johnnyprosciutto.com\/fr\/wp-json\/wp\/v2\/product_cat?post=17811"},{"taxonomy":"product_tag","embeddable":true,"href":"https:\/\/johnnyprosciutto.com\/fr\/wp-json\/wp\/v2\/product_tag?post=17811"},{"taxonomy":"giftcard-category","embeddable":true,"href":"https:\/\/johnnyprosciutto.com\/fr\/wp-json\/wp\/v2\/giftcard-category?post=17811"}],"curies":[{"name":"wp","href":"https:\/\/api.w.org\/{rel}","templated":true}]}}