{"id":17140,"date":"2020-04-07T20:54:40","date_gmt":"2020-04-08T00:54:40","guid":{"rendered":"https:\/\/johnnyprosciutto.com\/onlinestore\/non%20class\u00e9\/viande-fumee-de-lester-tranchee\/"},"modified":"2026-04-29T08:31:09","modified_gmt":"2026-04-29T12:31:09","slug":"viande-fumee-tranchee","status":"publish","type":"product","link":"https:\/\/johnnyprosciutto.com\/fr\/shop\/produits-tranches-sous-vide\/viande-fumee-tranchee\/","title":{"rendered":"Viande fum\u00e9e en tranches"},"content":{"rendered":"<h5><img fetchpriority=\"high\" decoding=\"async\" class=\"wp-image-74311 size-medium aligncenter\" src=\"https:\/\/2025jp3.mystagingwebsite.com\/wp-content\/uploads\/2020\/04\/smokemeat1-300x200.jpg\" alt=\"\" width=\"300\" height=\"200\" srcset=\"https:\/\/johnnyprosciutto.com\/wp-content\/uploads\/2020\/04\/smokemeat1-300x200.jpg 300w, https:\/\/johnnyprosciutto.com\/wp-content\/uploads\/2020\/04\/smokemeat1-600x400.jpg 600w, https:\/\/johnnyprosciutto.com\/wp-content\/uploads\/2020\/04\/smokemeat1-500x333.jpg 500w, https:\/\/johnnyprosciutto.com\/wp-content\/uploads\/2020\/04\/smokemeat1-90x60.jpg 90w, https:\/\/johnnyprosciutto.com\/wp-content\/uploads\/2020\/04\/smokemeat1-135x90.jpg 135w, https:\/\/johnnyprosciutto.com\/wp-content\/uploads\/2020\/04\/smokemeat1.jpg 1024w\" sizes=\"(max-width: 300px) 100vw, 300px\" \/><\/h5>\n<p>&nbsp;<\/p>\n<h5>Notre viande fum\u00e9e faite maison !<\/h5>\n<hr>\n<ul>\n<li>\n<h5>\u2705 PARFAIT SERVI CHAUD, SUR DU PAIN DE SEIGLE.<\/h5>\n<\/li>\n<li>\n<h5>\u2705 R\u00c9CHAUFFER DANS UN CUIT-VAPEUR PENDANT 7 \u00c0 9 MINUTES \u00c0 FEU MOYEN-VIF.<\/h5>\n<\/li>\n<li>\n<h5>\u2705 OU R\u00c9CHAUFFER AU FOUR \u00c0 MICRO-ONDES \u00c0 PUISSANCE MOYENNE PENDANT 5 \u00c0 6 MINUTES.<\/h5>\n<\/li>\n<\/ul>\n<hr>\n<h5>\u26a0\ufe0fProt\u00e9ines de viande : 18%.<\/h5>\n<h5>\u26a0\ufe0fMuscle\/coupe : Poitrine de b\u0153uf<\/h5>\n<p>&nbsp;<\/p>\n","protected":false},"excerpt":{"rendered":"<h2>\n<p>Veuillez indiquer l&#8217;\u00e9paisseur \u00e0 la caisse<\/p>\n<\/h2>\n","protected":false},"featured_media":88946,"comment_status":"open","ping_status":"closed","template":"","meta":{"_bst_post_transparent":"","_bst_post_title":"","_bst_post_layout":"","_bst_post_sidebar_id":"","_bst_post_content_style":"","_bst_post_vertical_padding":"","_bst_post_feature":"","_bst_post_feature_position":"","_bst_post_header":false,"_bst_post_footer":false},"product_brand":[],"product_cat":[223],"product_tag":[],"giftcard-category":[],"class_list":{"0":"post-17140","1":"product","2":"type-product","3":"status-publish","4":"has-post-thumbnail","6":"product_cat-produits-tranches-sous-vide","7":"product_shipping_class-livraison-gratuite","9":"first","10":"outofstock","11":"sale","12":"shipping-taxable","13":"purchasable","14":"product-type-variable","15":"entry","16":"content-bg","17":"loop-entry"},"group_of_quantity":0,"min_quantity":0,"max_quantity":"","exclude_order_quantity_value_rules":"no","exclude_category_quantity_rules":"no","combine_variations":"no","_links":{"self":[{"href":"https:\/\/johnnyprosciutto.com\/fr\/wp-json\/wp\/v2\/product\/17140","targetHints":{"allow":["GET"]}}],"collection":[{"href":"https:\/\/johnnyprosciutto.com\/fr\/wp-json\/wp\/v2\/product"}],"about":[{"href":"https:\/\/johnnyprosciutto.com\/fr\/wp-json\/wp\/v2\/types\/product"}],"replies":[{"embeddable":true,"href":"https:\/\/johnnyprosciutto.com\/fr\/wp-json\/wp\/v2\/comments?post=17140"}],"wp:featuredmedia":[{"embeddable":true,"href":"https:\/\/johnnyprosciutto.com\/fr\/wp-json\/wp\/v2\/media\/88946"}],"wp:attachment":[{"href":"https:\/\/johnnyprosciutto.com\/fr\/wp-json\/wp\/v2\/media?parent=17140"}],"wp:term":[{"taxonomy":"product_brand","embeddable":true,"href":"https:\/\/johnnyprosciutto.com\/fr\/wp-json\/wp\/v2\/product_brand?post=17140"},{"taxonomy":"product_cat","embeddable":true,"href":"https:\/\/johnnyprosciutto.com\/fr\/wp-json\/wp\/v2\/product_cat?post=17140"},{"taxonomy":"product_tag","embeddable":true,"href":"https:\/\/johnnyprosciutto.com\/fr\/wp-json\/wp\/v2\/product_tag?post=17140"},{"taxonomy":"giftcard-category","embeddable":true,"href":"https:\/\/johnnyprosciutto.com\/fr\/wp-json\/wp\/v2\/giftcard-category?post=17140"}],"curies":[{"name":"wp","href":"https:\/\/api.w.org\/{rel}","templated":true}]}}