{"id":17046,"date":"2020-04-03T22:56:58","date_gmt":"2020-04-04T02:56:58","guid":{"rendered":"https:\/\/johnnyprosciutto.com\/onlinestore\/non%20class\u00e9\/jambon-moitie-desosse-tranche\/"},"modified":"2026-04-29T08:31:37","modified_gmt":"2026-04-29T12:31:37","slug":"jambon-moitie-desosse-tranche","status":"publish","type":"product","link":"https:\/\/johnnyprosciutto.com\/fr\/shop\/produits-tranches-sous-vide\/jambon-moitie-desosse-tranche\/","title":{"rendered":"Demi jambon d\u00e9soss\u00e9 tranch\u00e9 (2kg)"},"content":{"rendered":"<h1 style=\"text-align: center;\"><\/h1>\n<h1 style=\"text-align: center;\"><strong>  Notre Prosciutto Cotto artisanal \ud83c\uddee\ud83c\uddf9<br \/>\n<\/strong><\/h1>\n<hr>\n<h3><\/h3>\n<h3 style=\"text-align: center;\">\u2668\ufe0f Cuisson \u00e0 la vapeur pendant plus de 5 heures<\/h3>\n<h3 style=\"text-align: center;\"><\/h3>\n<hr>\n<h3 style=\"text-align: center;\"><\/h3>\n<h3 style=\"text-align: center;\">\ud83d\udd0d Nous d\u00e9sossons simplement la jambe et la faisons cuire \u00e0 la vapeur !<\/h3>\n<h3 style=\"text-align: center;\"><\/h3>\n<hr>\n<h3 style=\"text-align: center;\"><\/h3>\n<h3 style=\"text-align: center;\">\ud83d\udcac Notre personnel tranchera et scellera sous vide votre commande <em><strong>uniquement lorsqu&#8217;elle est pass\u00e9e<\/strong><\/em> afin de pr\u00e9server la fra\u00eecheur et la saveur de vos produits.<\/h3>\n<h3><\/h3>\n<hr>\n<p>&nbsp;<\/p>\n<p style=\"text-align: center;\"><strong>\ud83e\uddc2 Ingr\u00e9dients<\/strong>: Porc, eau, sel, sucre, phosphate de sodium, \u00e9rythorbate de sodium, nitrite de sodium.<\/p>\n<p style=\"text-align: center;\"><strong>\u26a0\ufe0f <\/strong> <strong>Date d&#8217;<\/strong> <strong>expiration du produit :<\/strong> Veuillez vous r\u00e9f\u00e9rer \u00e0 la date figurant sur le produit lors de sa r\u00e9ception.<\/p>\n<p style=\"text-align: center;\"><em>(Remarque: le produit doit \u00eatre stock\u00e9 dans une zone r\u00e9frig\u00e9r\u00e9e)<\/em><\/p>\n","protected":false},"excerpt":{"rendered":"<h2>Ce produit peut \u00eatre congel\u00e9 pour prolonger sa date de p\u00e9remption.<\/h2>\n<h2>2.0kg Demi-jambon d\u00e9soss\u00e9<\/h2>\n","protected":false},"featured_media":23197,"comment_status":"open","ping_status":"closed","template":"","meta":{"_bst_post_transparent":"","_bst_post_title":"","_bst_post_layout":"","_bst_post_sidebar_id":"","_bst_post_content_style":"","_bst_post_vertical_padding":"","_bst_post_feature":"","_bst_post_feature_position":"","_bst_post_header":false,"_bst_post_footer":false},"product_brand":[],"product_cat":[223],"product_tag":[],"giftcard-category":[],"class_list":{"0":"post-17046","1":"product","2":"type-product","3":"status-publish","4":"has-post-thumbnail","6":"product_cat-produits-tranches-sous-vide","7":"product_shipping_class-livraison-gratuite","9":"first","10":"outofstock","11":"sale","12":"shipping-taxable","13":"purchasable","14":"product-type-variable","15":"entry","16":"content-bg","17":"loop-entry"},"group_of_quantity":0,"min_quantity":0,"max_quantity":"","exclude_order_quantity_value_rules":"no","exclude_category_quantity_rules":"no","combine_variations":"no","_links":{"self":[{"href":"https:\/\/johnnyprosciutto.com\/fr\/wp-json\/wp\/v2\/product\/17046","targetHints":{"allow":["GET"]}}],"collection":[{"href":"https:\/\/johnnyprosciutto.com\/fr\/wp-json\/wp\/v2\/product"}],"about":[{"href":"https:\/\/johnnyprosciutto.com\/fr\/wp-json\/wp\/v2\/types\/product"}],"replies":[{"embeddable":true,"href":"https:\/\/johnnyprosciutto.com\/fr\/wp-json\/wp\/v2\/comments?post=17046"}],"wp:featuredmedia":[{"embeddable":true,"href":"https:\/\/johnnyprosciutto.com\/fr\/wp-json\/wp\/v2\/media\/23197"}],"wp:attachment":[{"href":"https:\/\/johnnyprosciutto.com\/fr\/wp-json\/wp\/v2\/media?parent=17046"}],"wp:term":[{"taxonomy":"product_brand","embeddable":true,"href":"https:\/\/johnnyprosciutto.com\/fr\/wp-json\/wp\/v2\/product_brand?post=17046"},{"taxonomy":"product_cat","embeddable":true,"href":"https:\/\/johnnyprosciutto.com\/fr\/wp-json\/wp\/v2\/product_cat?post=17046"},{"taxonomy":"product_tag","embeddable":true,"href":"https:\/\/johnnyprosciutto.com\/fr\/wp-json\/wp\/v2\/product_tag?post=17046"},{"taxonomy":"giftcard-category","embeddable":true,"href":"https:\/\/johnnyprosciutto.com\/fr\/wp-json\/wp\/v2\/giftcard-category?post=17046"}],"curies":[{"name":"wp","href":"https:\/\/api.w.org\/{rel}","templated":true}]}}