{"id":13521,"date":"2019-02-26T10:33:51","date_gmt":"2019-02-26T15:33:51","guid":{"rendered":"https:\/\/johnnyprosciutto.com\/?post_type=product&#038;p=13521"},"modified":"2025-04-13T13:07:46","modified_gmt":"2025-04-13T17:07:46","slug":"saucisses-de-foie-de-porc-italien-frais","status":"publish","type":"product","link":"https:\/\/johnnyprosciutto.com\/fr\/shop\/saucisse-fraiche-a-vide\/saucisses-de-foie-de-porc-italien-frais\/","title":{"rendered":"Saucisse de foie italienne fra\u00eeche"},"content":{"rendered":"<p>&nbsp;<\/p>\n<h1 style=\"text-align: center;\"><strong>  \ud83d\udd05 Notre saucisse de foie italienne classique \ud83d\udd05<\/strong><\/h1>\n<hr>\n<h2 style=\"text-align: center;\">\u2049\ufe0f Un ingr\u00e9dient secret<\/h2>\n<h5 style=\"text-align: center;\">\ud83d\udcaf Nous ajoutons des \u00e9corces d&#8217;orange \u00e0 notre m\u00e9lange !<\/h5>\n<h5 style=\"text-align: center;\">\ud83d\udcaf Comme Nonno &amp; Nonna !<\/h5>\n<hr>\n<h3 style=\"text-align: center;\"><strong>\u26d4 Veuillez noter que nous ne fabriquons notre saucisse de foie que tous les vendredis, ce qui peut retarder votre commande.  <\/strong><\/h3>\n<hr>\n<h3 style=\"text-align: center;\"><strong>\u26d4 PAS DE ROGNURES \u26d4 PAS DE REMPLISSAGE \u26d4 PAS D&#8217;AR\u00d4MES ARTIFICIELS \u26d4<\/strong><\/h3>\n<p>&nbsp;<\/p>\n<hr>\n<h1><\/h1>\n<p>&nbsp;<\/p>\n<p><center>\ud83d\uddb1\ufe0fVeuillez s\u00e9lectionner <strong>vos options de scellage sous vide<\/strong>, puis cliquez sur le <strong>bouton Ajouter au panier. <\/strong> <\/center>&nbsp;<\/p>\n<p>&nbsp;<\/p>\n<h1><\/h1>\n<p>&nbsp;<\/p>\n<p style=\"text-align: left;\"><strong>Ingr\u00e9dients<\/strong>: Porc frais, foie, ail, \u00e9corces d&#8217;orange, feuilles de laurier, sel, sucre, \u00e9pices.<\/p>\n<p style=\"text-align: left;\"><strong>Date d&#8217;<\/strong> <strong>expiration du produit<\/strong> <strong>:<\/strong> 2 semaines<\/p>\n<p style=\"text-align: left;\"><em>(Remarque: le produit doit \u00eatre stock\u00e9 dans une zone r\u00e9frig\u00e9r\u00e9e)<\/em><\/p>\n<p style=\"text-align: left;\"><strong>  Le poids indiqu\u00e9 est une approximation<\/strong><\/p>\n","protected":false},"excerpt":{"rendered":"<h5><span class=\"d2edcug0 hpfvmrgz qv66sw1b c1et5uql lr9zc1uh a8c37x1j keod5gw0 nxhoafnm aigsh9s9 d3f4x2em fe6kdd0r mau55g9w c8b282yb iv3no6db jq4qci2q a3bd9o3v knj5qynh oo9gr5id hzawbc8m\" dir=\"auto\"><span class=\"pq6dq46d tbxw36s4 knj5qynh kvgmc6g5 ditlmg2l oygrvhab nvdbi5me sf5mxxl7 gl3lb2sf hhz5lgdu\"><img decoding=\"async\" src=\"https:\/\/static.xx.fbcdn.net\/images\/emoji.php\/v9\/t49\/1\/16\/1f4da.png\" alt=\"\ud83d\udcda\" width=\"16\" height=\"16\"><\/span>  Fait maison comme Nonno &amp; Nonnas  <span class=\"pq6dq46d tbxw36s4 knj5qynh kvgmc6g5 ditlmg2l oygrvhab nvdbi5me sf5mxxl7 gl3lb2sf hhz5lgdu\"><img decoding=\"async\" src=\"https:\/\/static.xx.fbcdn.net\/images\/emoji.php\/v9\/tb9\/1\/16\/1f1ee_1f1f9.png\" alt=\"\ud83c\uddee\ud83c\uddf9\" width=\"16\" height=\"16\"><\/span><\/span><\/h5>\n","protected":false},"featured_media":28887,"comment_status":"open","ping_status":"closed","template":"","meta":{"_bst_post_transparent":"","_bst_post_title":"","_bst_post_layout":"","_bst_post_sidebar_id":"","_bst_post_content_style":"","_bst_post_vertical_padding":"","_bst_post_feature":"","_bst_post_feature_position":"","_bst_post_header":false,"_bst_post_footer":false},"product_brand":[],"product_cat":[224],"product_tag":[],"giftcard-category":[],"class_list":{"0":"post-13521","1":"product","2":"type-product","3":"status-publish","4":"has-post-thumbnail","6":"product_cat-saucisse-fraiche-a-vide","7":"product_shipping_class-livraison-gratuite","9":"first","10":"outofstock","11":"sale","12":"shipping-taxable","13":"purchasable","14":"product-type-variable","15":"entry","16":"content-bg","17":"loop-entry"},"group_of_quantity":0,"min_quantity":0,"max_quantity":"","exclude_order_quantity_value_rules":"no","exclude_category_quantity_rules":"no","combine_variations":"no","_links":{"self":[{"href":"https:\/\/johnnyprosciutto.com\/fr\/wp-json\/wp\/v2\/product\/13521","targetHints":{"allow":["GET"]}}],"collection":[{"href":"https:\/\/johnnyprosciutto.com\/fr\/wp-json\/wp\/v2\/product"}],"about":[{"href":"https:\/\/johnnyprosciutto.com\/fr\/wp-json\/wp\/v2\/types\/product"}],"replies":[{"embeddable":true,"href":"https:\/\/johnnyprosciutto.com\/fr\/wp-json\/wp\/v2\/comments?post=13521"}],"wp:featuredmedia":[{"embeddable":true,"href":"https:\/\/johnnyprosciutto.com\/fr\/wp-json\/wp\/v2\/media\/28887"}],"wp:attachment":[{"href":"https:\/\/johnnyprosciutto.com\/fr\/wp-json\/wp\/v2\/media?parent=13521"}],"wp:term":[{"taxonomy":"product_brand","embeddable":true,"href":"https:\/\/johnnyprosciutto.com\/fr\/wp-json\/wp\/v2\/product_brand?post=13521"},{"taxonomy":"product_cat","embeddable":true,"href":"https:\/\/johnnyprosciutto.com\/fr\/wp-json\/wp\/v2\/product_cat?post=13521"},{"taxonomy":"product_tag","embeddable":true,"href":"https:\/\/johnnyprosciutto.com\/fr\/wp-json\/wp\/v2\/product_tag?post=13521"},{"taxonomy":"giftcard-category","embeddable":true,"href":"https:\/\/johnnyprosciutto.com\/fr\/wp-json\/wp\/v2\/giftcard-category?post=13521"}],"curies":[{"name":"wp","href":"https:\/\/api.w.org\/{rel}","templated":true}]}}