{"id":11110,"date":"2018-10-29T15:14:07","date_gmt":"2018-10-29T19:14:07","guid":{"rendered":"https:\/\/johnnyprosciutto.com\/onlinestore\/couteau-a-desosser-victorinox-fibrox\/"},"modified":"2025-04-13T13:07:45","modified_gmt":"2025-04-13T17:07:45","slug":"couteau-a-desosser-victorinox-fibrox","status":"publish","type":"product","link":"https:\/\/johnnyprosciutto.com\/fr\/shop\/marchandise-fr\/couteau-a-desosser-victorinox-fibrox\/","title":{"rendered":"Couteau \u00e0 d\u00e9sosser Victorinox Fibrox"},"content":{"rendered":"<p>&nbsp;<\/p>\n<p style=\"text-align: center;\"><strong>  D\u00e9sosser comme Johnny Prosciutto  <\/strong><\/p>\n<p>&nbsp;<\/p>\n<h1><\/h1>\n<h5>Caract\u00e9ristiques principales<\/h5>\n<ul>\n<li>Pour d\u00e9sosser la viande selon les normes des chefs professionnels<\/li>\n<li>Couteau \u00e0 d\u00e9sosser de fabrication suisse \u00e0 bord droit<br \/>\nManche ergonomique antid\u00e9rapant et lame \u00e9troite et courb\u00e9e<\/li>\n<li>Num\u00e9ro d&#8217;article : 5.6603.15<\/li>\n<li>Longueur de la lame : 15 cm<\/li>\n<li>Lame : 6&#8242; Semi-Stiff<\/li>\n<li>Poids : 128g<\/li>\n<li>Collection : Fibrox<\/li>\n<\/ul>\n<p>&nbsp;<\/p>\n<h1><\/h1>\n<h5>Que vous soyez boucher, chef ou cuisinier au quotidien, la gamme professionnelle de couteaux Fibrox de Victorinox vous offre la pr\u00e9cision et l&#8217;efficacit\u00e9 des cuisines de restaurant. Associ\u00e9 \u00e0 une lame tranchante, \u00e9troite et incurv\u00e9e de 15 cm de long, le manche antid\u00e9rapant du couteau \u00e0 d\u00e9sosser Fibrox a \u00e9t\u00e9 con\u00e7u de mani\u00e8re ergonomique pour que la d\u00e9coupe sans r\u00e9sistance et la s\u00e9paration de la viande de l&#8217;os deviennent une t\u00e2che simple et rapide. <\/h5>\n","protected":false},"excerpt":{"rendered":"<p>&nbsp; D\u00e9sosser comme Johnny Prosciutto &nbsp; Caract\u00e9ristiques principales Pour d\u00e9sosser la viande selon les normes des chefs professionnels Couteau \u00e0 d\u00e9sosser de fabrication suisse \u00e0 bord droit Manche ergonomique antid\u00e9rapant et lame \u00e9troite et courb\u00e9e Num\u00e9ro d&#8217;article : 5.6603.15 Longueur de la lame : 15 cm Lame : 6&#8242; Semi-Stiff Poids : 128g Collection :&#8230;<\/p>\n","protected":false},"featured_media":11104,"comment_status":"open","ping_status":"closed","template":"","meta":{"_bst_post_transparent":"","_bst_post_title":"","_bst_post_layout":"","_bst_post_sidebar_id":"","_bst_post_content_style":"","_bst_post_vertical_padding":"","_bst_post_feature":"","_bst_post_feature_position":"","_bst_post_header":false,"_bst_post_footer":false},"product_brand":[],"product_cat":[293],"product_tag":[],"giftcard-category":[],"class_list":{"0":"post-11110","1":"product","2":"type-product","3":"status-publish","4":"has-post-thumbnail","6":"product_cat-marchandise-fr","7":"product_shipping_class-livraison-gratuite","9":"first","10":"outofstock","11":"sale","12":"shipping-taxable","13":"purchasable","14":"product-type-simple","15":"entry","16":"content-bg","17":"loop-entry"},"group_of_quantity":0,"min_quantity":0,"max_quantity":"","exclude_order_quantity_value_rules":"no","exclude_category_quantity_rules":"no","combine_variations":"no","_links":{"self":[{"href":"https:\/\/johnnyprosciutto.com\/fr\/wp-json\/wp\/v2\/product\/11110","targetHints":{"allow":["GET"]}}],"collection":[{"href":"https:\/\/johnnyprosciutto.com\/fr\/wp-json\/wp\/v2\/product"}],"about":[{"href":"https:\/\/johnnyprosciutto.com\/fr\/wp-json\/wp\/v2\/types\/product"}],"replies":[{"embeddable":true,"href":"https:\/\/johnnyprosciutto.com\/fr\/wp-json\/wp\/v2\/comments?post=11110"}],"wp:featuredmedia":[{"embeddable":true,"href":"https:\/\/johnnyprosciutto.com\/fr\/wp-json\/wp\/v2\/media\/11104"}],"wp:attachment":[{"href":"https:\/\/johnnyprosciutto.com\/fr\/wp-json\/wp\/v2\/media?parent=11110"}],"wp:term":[{"taxonomy":"product_brand","embeddable":true,"href":"https:\/\/johnnyprosciutto.com\/fr\/wp-json\/wp\/v2\/product_brand?post=11110"},{"taxonomy":"product_cat","embeddable":true,"href":"https:\/\/johnnyprosciutto.com\/fr\/wp-json\/wp\/v2\/product_cat?post=11110"},{"taxonomy":"product_tag","embeddable":true,"href":"https:\/\/johnnyprosciutto.com\/fr\/wp-json\/wp\/v2\/product_tag?post=11110"},{"taxonomy":"giftcard-category","embeddable":true,"href":"https:\/\/johnnyprosciutto.com\/fr\/wp-json\/wp\/v2\/giftcard-category?post=11110"}],"curies":[{"name":"wp","href":"https:\/\/api.w.org\/{rel}","templated":true}]}}